{"id":47,"date":"2020-11-04T12:57:23","date_gmt":"2020-11-04T11:57:23","guid":{"rendered":"http:\/\/chateaudlj.cluster021.hosting.ovh.net\/contact\/"},"modified":"2025-09-26T15:40:17","modified_gmt":"2025-09-26T13:40:17","slug":"contact","status":"publish","type":"page","link":"https:\/\/chateaudeterrides.fr\/en\/contact\/","title":{"rendered":"Contact"},"content":{"rendered":"<div data-elementor-type=\"wp-page\" data-elementor-id=\"47\" class=\"elementor elementor-47\">\n\t\t\t\t\t\t<section class=\"elementor-section elementor-top-section elementor-element elementor-element-7435511 elementor-section-boxed elementor-section-height-default elementor-section-height-default\" data-id=\"7435511\" data-element_type=\"section\">\n\t\t\t\t\t\t<div class=\"elementor-container elementor-column-gap-default\">\n\t\t\t\t\t<div class=\"aux-parallax-section elementor-column elementor-col-100 elementor-top-column elementor-element elementor-element-73f9037\" data-id=\"73f9037\" data-element_type=\"column\">\n\t\t\t<div class=\"elementor-widget-wrap elementor-element-populated\">\n\t\t\t\t\t\t<div class=\"elementor-element elementor-element-6c81ae7 elementor-widget elementor-widget-slider_revolution\" data-id=\"6c81ae7\" data-element_type=\"widget\" data-widget_type=\"slider_revolution.default\">\n\t\t\t\t<div class=\"elementor-widget-container\">\n\t\t\t\t\t\n\t\t<div class=\"wp-block-themepunch-revslider\">\n\t\t\t<!-- START Slider 1 REVOLUTION SLIDER 6.5.6 --><p class=\"rs-p-wp-fix\"><\/p>\n\t\t\t<rs-module-wrap id=\"rev_slider_1_1_wrapper\" data-source=\"gallery\" style=\"visibility:hidden;background:transparent;padding:0;margin:0px auto;margin-top:0;margin-bottom:0;\">\n\t\t\t\t<rs-module id=\"rev_slider_1_1\" style=\"\" data-version=\"6.5.6\">\n\t\t\t\t\t<rs-slides>\n\t\t\t\t\t\t<rs-slide style=\"position: absolute;\" data-key=\"rs-1\" data-title=\"Slide\" data-in=\"o:0;\" data-out=\"a:false;\">\n\t\t\t\t\t\t\t<img decoding=\"async\" src=\"\/\/chateaudeterrides.fr\/wp-content\/plugins\/revslider\/public\/assets\/assets\/dummy.png\" alt=\"Slide\" title=\"Contact\" class=\"rev-slidebg tp-rs-img rs-lazyload\" data-lazyload=\"\/\/chateaudeterrides.fr\/wp-content\/plugins\/revslider\/public\/assets\/assets\/transparent.png\" data-no-retina>\n<!--\n\t\t\t\t\t\t\t--><rs-layer\n\t\t\t\t\t\t\t\tid=\"slider-1-slide-1-layer-0\" \n\t\t\t\t\t\t\t\tdata-type=\"image\"\n\t\t\t\t\t\t\t\tdata-rsp_ch=\"on\"\n\t\t\t\t\t\t\t\tdata-text=\"w:normal;\"\n\t\t\t\t\t\t\t\tdata-dim=\"w:100%;h:100%;\"\n\t\t\t\t\t\t\t\tdata-basealign=\"slide\"\n\t\t\t\t\t\t\t\tdata-frame_1=\"e:power4.inOut;sp:1500;\"\n\t\t\t\t\t\t\t\tdata-frame_999=\"o:0;st:w;\"\n\t\t\t\t\t\t\t\tstyle=\"z-index:5;\"\n\t\t\t\t\t\t\t><img fetchpriority=\"high\" decoding=\"async\" src=\"\/\/chateaudeterrides.fr\/wp-content\/plugins\/revslider\/public\/assets\/assets\/dummy.png\" class=\"tp-rs-img rs-lazyload\" width=\"2560\" height=\"1707\" data-lazyload=\"\/\/chateaudeterrides.fr\/wp-content\/uploads\/2026\/02\/exterieurA_plweb-scaled.jpg\" data-c=\"cover-proportional\" data-no-retina> \n\t\t\t\t\t\t\t<\/rs-layer><!--\n\n\t\t\t\t\t\t\t--><rs-layer\n\t\t\t\t\t\t\t\tid=\"slider-1-slide-1-layer-1\" \n\t\t\t\t\t\t\t\tdata-type=\"text\"\n\t\t\t\t\t\t\t\tdata-color=\"#fff\"\n\t\t\t\t\t\t\t\tdata-bsh=\"c:rgba(0,0,0,0.5);\"\n\t\t\t\t\t\t\t\tdata-tsh=\"c:rgba(0,0,0,0.86);h:2px;v:2px;b:4px;\"\n\t\t\t\t\t\t\t\tdata-rsp_ch=\"on\"\n\t\t\t\t\t\t\t\tdata-xy=\"x:r;y:b;yo:30px;\"\n\t\t\t\t\t\t\t\tdata-text=\"w:normal;s:60;l:70;ls:-1;fw:500;a:right;\"\n\t\t\t\t\t\t\t\tdata-dim=\"w:722px;minh:0px;\"\n\t\t\t\t\t\t\t\tdata-frame_1=\"e:power4.inOut;sp:1200;\"\n\t\t\t\t\t\t\t\tdata-frame_1_sfx=\"se:blocktoright;\"\n\t\t\t\t\t\t\t\tdata-frame_999=\"o:0;st:w;\"\n\t\t\t\t\t\t\t\tstyle=\"z-index:7;font-family:'Oswald';text-transform:uppercase;\"\n\t\t\t\t\t\t\t>AN UNFORGETTABLE STAY IN AN EXCEPTIONAL SETTING \n\t\t\t\t\t\t\t<\/rs-layer><!--\n\n\t\t\t\t\t\t\t--><rs-layer\n\t\t\t\t\t\t\t\tid=\"slider-1-slide-1-layer-2\" \n\t\t\t\t\t\t\t\tdata-type=\"text\"\n\t\t\t\t\t\t\t\tdata-color=\"#fff\"\n\t\t\t\t\t\t\t\tdata-bsh=\"c:rgba(0,0,0,0.5);\"\n\t\t\t\t\t\t\t\tdata-tsh=\"c:rgba(0,0,0,0.86);h:2px;v:2px;b:4px;\"\n\t\t\t\t\t\t\t\tdata-rsp_ch=\"on\"\n\t\t\t\t\t\t\t\tdata-xy=\"x:r;y:b;yo:30px;\"\n\t\t\t\t\t\t\t\tdata-text=\"w:normal;s:60;l:70;ls:-1;fw:500;a:right;\"\n\t\t\t\t\t\t\t\tdata-dim=\"w:722px;minh:0px;\"\n\t\t\t\t\t\t\t\tdata-frame_1=\"e:power4.inOut;sp:1200;\"\n\t\t\t\t\t\t\t\tdata-frame_1_sfx=\"se:blocktoright;\"\n\t\t\t\t\t\t\t\tdata-frame_999=\"o:0;st:w;\"\n\t\t\t\t\t\t\t\tstyle=\"z-index:7;font-family:'Oswald';text-transform:uppercase;\"\n\t\t\t\t\t\t\t>AN UNFORGETTABLE STAY IN AN EXCEPTIONAL SETTING \n\t\t\t\t\t\t\t<\/rs-layer><!--\n-->\t\t\t\t\t\t<\/rs-slide>\n\t\t\t\t\t\t<rs-slide style=\"position: absolute;\" data-key=\"rs-2\" data-title=\"Slide\" data-in=\"o:0;\" data-out=\"a:false;\">\n\t\t\t\t\t\t\t<img decoding=\"async\" src=\"\/\/chateaudeterrides.fr\/wp-content\/plugins\/revslider\/public\/assets\/assets\/dummy.png\" alt=\"Slide\" title=\"Contact\" class=\"rev-slidebg tp-rs-img rs-lazyload\" data-lazyload=\"\/\/chateaudeterrides.fr\/wp-content\/plugins\/revslider\/public\/assets\/assets\/transparent.png\" data-no-retina>\n<!--\n\t\t\t\t\t\t\t--><rs-layer\n\t\t\t\t\t\t\t\tid=\"slider-1-slide-2-layer-0\" \n\t\t\t\t\t\t\t\tdata-type=\"image\"\n\t\t\t\t\t\t\t\tdata-rsp_ch=\"on\"\n\t\t\t\t\t\t\t\tdata-xy=\"x:c;y:c;\"\n\t\t\t\t\t\t\t\tdata-text=\"w:normal;\"\n\t\t\t\t\t\t\t\tdata-dim=\"w:100%;h:100%;\"\n\t\t\t\t\t\t\t\tdata-basealign=\"slide\"\n\t\t\t\t\t\t\t\tdata-frame_1=\"e:power4.inOut;sp:1500;\"\n\t\t\t\t\t\t\t\tdata-frame_999=\"o:0;st:w;\"\n\t\t\t\t\t\t\t\tstyle=\"z-index:8;\"\n\t\t\t\t\t\t\t><img decoding=\"async\" src=\"\/\/chateaudeterrides.fr\/wp-content\/plugins\/revslider\/public\/assets\/assets\/dummy.png\" alt=\"Vue imprenable sur la piscine \u00e0 d\u00e9bordement du Ch\u00e2teau de Terrides, h\u00f4tel de luxe dans le Tarn-et-Garonne, entour\u00e9e d'un paysage naturel pr\u00e9serv\u00e9 - espace de d\u00e9tente id\u00e9al lors d'un s\u00e9jour, d'un mariage ou d'un s\u00e9minaire.\" class=\"tp-rs-img rs-lazyload\" width=\"1920\" height=\"796\" data-lazyload=\"\/\/chateaudeterrides.fr\/wp-content\/uploads\/2023\/05\/chateau4.jpg\" data-c=\"cover-proportional\" data-no-retina> \n\t\t\t\t\t\t\t<\/rs-layer><!--\n\n\t\t\t\t\t\t\t--><rs-layer\n\t\t\t\t\t\t\t\tid=\"slider-1-slide-2-layer-2\" \n\t\t\t\t\t\t\t\tdata-type=\"text\"\n\t\t\t\t\t\t\t\tdata-color=\"#fff\"\n\t\t\t\t\t\t\t\tdata-bsh=\"c:rgba(0,0,0,0.5);\"\n\t\t\t\t\t\t\t\tdata-tsh=\"c:rgba(0,0,0,0.86);h:2px;v:2px;b:4px;\"\n\t\t\t\t\t\t\t\tdata-rsp_ch=\"on\"\n\t\t\t\t\t\t\t\tdata-xy=\"y:b;yo:38px;\"\n\t\t\t\t\t\t\t\tdata-text=\"w:normal;s:60;l:70;ls:-1;fw:500;\"\n\t\t\t\t\t\t\t\tdata-dim=\"w:876px;minh:0px;\"\n\t\t\t\t\t\t\t\tdata-frame_1=\"e:power4.inOut;sp:1200;\"\n\t\t\t\t\t\t\t\tdata-frame_1_sfx=\"se:blocktoleft;\"\n\t\t\t\t\t\t\t\tdata-frame_999=\"o:0;st:w;\"\n\t\t\t\t\t\t\t\tstyle=\"z-index:9;font-family:'Oswald';text-transform:uppercase;\"\n\t\t\t\t\t\t\t>Luxury, History and Elegance for your Unforgettable Events \n\t\t\t\t\t\t\t<\/rs-layer><!--\n-->\t\t\t\t\t\t<\/rs-slide>\n\t\t\t\t\t\t<rs-slide style=\"position: absolute;\" data-key=\"rs-3\" data-title=\"Slide\" data-in=\"o:0;\" data-out=\"a:false;\">\n\t\t\t\t\t\t\t<img decoding=\"async\" src=\"\/\/chateaudeterrides.fr\/wp-content\/plugins\/revslider\/public\/assets\/assets\/dummy.png\" alt=\"Slide\" title=\"Contact\" class=\"rev-slidebg tp-rs-img rs-lazyload\" data-lazyload=\"\/\/chateaudeterrides.fr\/wp-content\/plugins\/revslider\/public\/assets\/assets\/transparent.png\" data-no-retina>\n<!--\n\t\t\t\t\t\t\t--><rs-layer\n\t\t\t\t\t\t\t\tid=\"slider-1-slide-3-layer-0\" \n\t\t\t\t\t\t\t\tdata-type=\"image\"\n\t\t\t\t\t\t\t\tdata-rsp_ch=\"on\"\n\t\t\t\t\t\t\t\tdata-xy=\"x:c;y:c;\"\n\t\t\t\t\t\t\t\tdata-text=\"w:normal;\"\n\t\t\t\t\t\t\t\tdata-dim=\"w:100%;h:100%;\"\n\t\t\t\t\t\t\t\tdata-basealign=\"slide\"\n\t\t\t\t\t\t\t\tdata-frame_1=\"e:power4.inOut;sp:1500;\"\n\t\t\t\t\t\t\t\tdata-frame_999=\"o:0;st:w;\"\n\t\t\t\t\t\t\t\tstyle=\"z-index:8;\"\n\t\t\t\t\t\t\t><img decoding=\"async\" src=\"\/\/chateaudeterrides.fr\/wp-content\/plugins\/revslider\/public\/assets\/assets\/dummy.png\" alt=\"Vue a\u00e9rienne spectaculaire du Ch\u00e2teau de Terrides, h\u00f4tel de luxe situ\u00e9 au c\u0153ur du Tarn-et-Garonne, encadr\u00e9 par de verdoyants jardins, bois et lacs - lieu id\u00e9al pour des vacances, des mariages ou des s\u00e9minaires professionnels\" class=\"tp-rs-img rs-lazyload\" width=\"1920\" height=\"930\" data-lazyload=\"\/\/chateaudeterrides.fr\/wp-content\/uploads\/2023\/05\/chateau3.jpg\" data-c=\"cover-proportional\" data-no-retina> \n\t\t\t\t\t\t\t<\/rs-layer><!--\n\n\t\t\t\t\t\t\t--><rs-layer\n\t\t\t\t\t\t\t\tid=\"slider-1-slide-3-layer-2\" \n\t\t\t\t\t\t\t\tdata-type=\"text\"\n\t\t\t\t\t\t\t\tdata-color=\"#fff\"\n\t\t\t\t\t\t\t\tdata-bsh=\"c:rgba(0,0,0,0.5);\"\n\t\t\t\t\t\t\t\tdata-tsh=\"c:rgba(0,0,0,0.86);h:2px;v:2px;b:4px;\"\n\t\t\t\t\t\t\t\tdata-rsp_ch=\"on\"\n\t\t\t\t\t\t\t\tdata-xy=\"y:b;yo:30px;\"\n\t\t\t\t\t\t\t\tdata-text=\"w:normal;s:60;l:70;ls:-1;fw:500;\"\n\t\t\t\t\t\t\t\tdata-dim=\"w:880px;minh:0px;\"\n\t\t\t\t\t\t\t\tdata-frame_1=\"e:power4.inOut;sp:1200;\"\n\t\t\t\t\t\t\t\tdata-frame_1_sfx=\"se:blocktoleft;\"\n\t\t\t\t\t\t\t\tdata-frame_999=\"o:0;st:w;\"\n\t\t\t\t\t\t\t\tstyle=\"z-index:9;font-family:'Oswald';text-transform:uppercase;\"\n\t\t\t\t\t\t\t>Holidays, weddings, professional meetings, seminars... \n\t\t\t\t\t\t\t<\/rs-layer><!--\n-->\t\t\t\t\t\t<\/rs-slide>\n\t\t\t\t\t<\/rs-slides>\n\t\t\t\t<\/rs-module>\n\t\t\t\t<script type=\"text\/javascript\">\n\t\t\t\t\tsetREVStartSize({c: 'rev_slider_1_1',rl:[1240,1024,778,480],el:[780],gw:[1240],gh:[780],type:'standard',justify:'',layout:'fullwidth',mh:\"0\"});if (window.RS_MODULES!==undefined && window.RS_MODULES.modules!==undefined && window.RS_MODULES.modules[\"revslider11\"]!==undefined) {window.RS_MODULES.modules[\"revslider11\"].once = false;window.revapi1 = undefined;if (window.RS_MODULES.checkMinimal!==undefined) window.RS_MODULES.checkMinimal()}\n\t\t\t\t<\/script>\n\t\t\t<\/rs-module-wrap>\n\t\t\t<!-- END REVOLUTION SLIDER -->\n<\/div>\n\n\t\t\t\t\t\t<\/div>\n\t\t\t\t<\/div>\n\t\t\t\t\t<\/div>\n\t\t<\/div>\n\t\t\t\t\t<\/div>\n\t\t<\/section>\n\t\t\t\t<section class=\"elementor-section elementor-top-section elementor-element elementor-element-cd50a1f elementor-section-content-middle elementor-section-boxed elementor-section-height-default elementor-section-height-default\" data-id=\"cd50a1f\" data-element_type=\"section\">\n\t\t\t\t\t\t<div class=\"elementor-container elementor-column-gap-no\">\n\t\t\t\t\t<div class=\"aux-parallax-section elementor-column elementor-col-50 elementor-top-column elementor-element elementor-element-301acbf\" data-id=\"301acbf\" data-element_type=\"column\">\n\t\t\t<div class=\"elementor-widget-wrap elementor-element-populated\">\n\t\t\t\t\t\t<div class=\"elementor-element elementor-element-3ac9328 aux-appear-watch-animation aux-slide-from-bot elementor-widget elementor-widget-aux_modern_heading\" data-id=\"3ac9328\" data-element_type=\"widget\" data-widget_type=\"aux_modern_heading.default\">\n\t\t\t\t<div class=\"elementor-widget-container\">\n\t\t\t\t\t<section class=\"aux-widget-modern-heading\">\n            <div class=\"aux-widget-inner\"><h5 class=\"aux-modern-heading-primary\"><\/h5><h3 class=\"aux-modern-heading-secondary\"><span class=\"aux-head-highlight\">Contact us<\/span><\/h3><div class=\"aux-modern-heading-description\"><p>Do not hesitate to contact us for any questions or requests regarding your stay at Ch\u00e2teau de Terrides. Our team will be happy to inform you and assist you in organizing your event or your vacation.<\/p><\/div><\/div>\n        <\/section>\t\t\t\t<\/div>\n\t\t\t\t<\/div>\n\t\t\t\t\t<\/div>\n\t\t<\/div>\n\t\t\t\t<div class=\"aux-parallax-section elementor-column elementor-col-50 elementor-top-column elementor-element elementor-element-619d58b aux-appear-watch-animation aux-fade-in-right\" data-id=\"619d58b\" data-element_type=\"column\">\n\t\t\t<div class=\"elementor-widget-wrap elementor-element-populated\">\n\t\t\t\t\t\t<div class=\"elementor-element elementor-element-e9e80e1 elementor-widget elementor-widget-aux_modern_heading\" data-id=\"e9e80e1\" data-element_type=\"widget\" data-widget_type=\"aux_modern_heading.default\">\n\t\t\t\t<div class=\"elementor-widget-container\">\n\t\t\t\t\t<section class=\"aux-widget-modern-heading\">\n            <div class=\"aux-widget-inner\"><h2 class=\"aux-modern-heading-primary\">Your message<\/h2><\/div>\n        <\/section>\t\t\t\t<\/div>\n\t\t\t\t<\/div>\n\t\t\t\t<div class=\"elementor-element elementor-element-ec8d525 elementor-widget elementor-widget-aux_contact_form\" data-id=\"ec8d525\" data-element_type=\"widget\" data-widget_type=\"aux_contact_form.default\">\n\t\t\t\t<div class=\"elementor-widget-container\">\n\t\t\t\t\t<section class=\"widget-container aux-widget-contact-form aux-parent-au7e8f5866\">            <div class=\"aux-col-wrapper aux-no-gutter\">\n            <!-- @TODO - The output for element here -->\n\n            \n<div class=\"wpcf7 no-js\" id=\"wpcf7-f9-o1\" lang=\"fr-FR\" dir=\"ltr\" data-wpcf7-id=\"9\">\n<div class=\"screen-reader-response\"><p role=\"status\" aria-live=\"polite\" aria-atomic=\"true\"><\/p> <ul><\/ul><\/div>\n<form action=\"\/en\/wp-json\/wp\/v2\/pages\/47#wpcf7-f9-o1\" method=\"post\" class=\"wpcf7-form init\" aria-label=\"Formulaire de contact\" novalidate=\"novalidate\" data-status=\"init\" data-trp-original-action=\"\/en\/wp-json\/wp\/v2\/pages\/47#wpcf7-f9-o1\">\n<div style=\"display: none;\">\n<input type=\"hidden\" name=\"_wpcf7\" value=\"9\" \/>\n<input type=\"hidden\" name=\"_wpcf7_version\" value=\"6.0.6\" \/>\n<input type=\"hidden\" name=\"_wpcf7_locale\" value=\"fr_FR\" \/>\n<input type=\"hidden\" name=\"_wpcf7_unit_tag\" value=\"wpcf7-f9-o1\" \/>\n<input type=\"hidden\" name=\"_wpcf7_container_post\" value=\"0\" \/>\n<input type=\"hidden\" name=\"_wpcf7_posted_data_hash\" value=\"\" \/>\n<\/div>\n<p><label> Votre nom*<br \/>\n<span class=\"wpcf7-form-control-wrap\" data-name=\"votre-nom\"><input size=\"40\" maxlength=\"400\" class=\"wpcf7-form-control wpcf7-text wpcf7-validates-as-required\" autocomplete=\"votre\" aria-required=\"true\" aria-invalid=\"false\" value=\"\" type=\"text\" name=\"votre-nom\" \/><\/span> <\/label><br \/>\n<label> Votre email*<br \/>\n<span class=\"wpcf7-form-control-wrap\" data-name=\"votre-email\"><input size=\"40\" maxlength=\"400\" class=\"wpcf7-form-control wpcf7-email wpcf7-validates-as-required wpcf7-text wpcf7-validates-as-email\" autocomplete=\"votre\" aria-required=\"true\" aria-invalid=\"false\" value=\"\" type=\"email\" name=\"votre-email\" \/><\/span> <\/label><br \/>\n<label> Votre t\u00e9l\u00e9phone*<br \/>\n<span class=\"wpcf7-form-control-wrap\" data-name=\"votre-telephone\"><input size=\"40\" maxlength=\"400\" class=\"wpcf7-form-control wpcf7-tel wpcf7-validates-as-required wpcf7-text wpcf7-validates-as-tel\" aria-required=\"true\" aria-invalid=\"false\" value=\"\" type=\"tel\" name=\"votre-telephone\" \/><\/span> <\/label><br \/>\n<label> Type d'\u00e9v\u00e9nement*<br \/>\n<span class=\"wpcf7-form-control-wrap\" data-name=\"select-59\"><select class=\"wpcf7-form-control wpcf7-select wpcf7-validates-as-required\" aria-required=\"true\" aria-invalid=\"false\" name=\"select-59\"><option value=\"Mariage\">Marriage<\/option><option value=\"S\u00e9minaire professionnel\">S\u00e9minaire professionnel<\/option><option value=\"Autre \u00e9v\u00e9nement\">Autre \u00e9v\u00e9nement<\/option><\/select><\/span><br \/>\n<br \/>\n<label> Votre message*<br \/>\n<span class=\"wpcf7-form-control-wrap\" data-name=\"textarea-838\"><textarea cols=\"40\" rows=\"10\" maxlength=\"2000\" class=\"wpcf7-form-control wpcf7-textarea wpcf7-validates-as-required\" aria-required=\"true\" aria-invalid=\"false\" placeholder=\"Bonjour, nous souhaiterions organiser un mariage en ao\u00fbt 2026 pour environ 100 invit\u00e9s. Nous aurions aimez avoir des informations concernant vos tarifs et vos services. Merci.\" name=\"textarea-838\"><\/textarea><\/span><br \/>\n<br \/>\n<input class=\"wpcf7-form-control wpcf7-submit has-spinner\" type=\"submit\" value=\"Send\" \/><\/label><\/label>\n<\/p><div class=\"wpcf7-response-output\" aria-hidden=\"true\"><\/div>\n<input type=\"hidden\" name=\"trp-form-language\" value=\"en\"\/><\/form>\n<\/div>\n\n\n            <\/div><!-- aux-col-wrapper -->\n    <\/section><!-- widget-container -->\t\t\t\t<\/div>\n\t\t\t\t<\/div>\n\t\t\t\t\t<\/div>\n\t\t<\/div>\n\t\t\t\t\t<\/div>\n\t\t<\/section>\n\t\t\t\t<section class=\"elementor-section elementor-top-section elementor-element elementor-element-2a1c0c8 elementor-section-boxed elementor-section-height-default elementor-section-height-default\" data-id=\"2a1c0c8\" data-element_type=\"section\">\n\t\t\t\t\t\t<div class=\"elementor-container elementor-column-gap-default\">\n\t\t\t\t\t<div class=\"aux-parallax-section elementor-column elementor-col-100 elementor-top-column elementor-element elementor-element-466c656\" data-id=\"466c656\" data-element_type=\"column\">\n\t\t\t<div class=\"elementor-widget-wrap\">\n\t\t\t\t\t\t\t<\/div>\n\t\t<\/div>\n\t\t\t\t\t<\/div>\n\t\t<\/section>\n\t\t\t\t<\/div>","protected":false},"excerpt":{"rendered":"<p>Contactez-nous ! N&rsquo;h\u00e9sitez pas \u00e0 nous contacter pour toute question ou demande concernant votre s\u00e9jour au Ch\u00e2teau de Terrides. Notre \u00e9quipe se fera un plaisir de vous renseigner et de vous accompagner dans l&rsquo;organisation de votre \u00e9v\u00e9nement ou de vos vacances. Votre message Votre nom* Votre email* Votre t\u00e9l\u00e9phone* Type d&rsquo;\u00e9v\u00e9nement* MariageS\u00e9minaire professionnelAutre \u00e9v\u00e9nement Votre [&hellip;]<\/p>","protected":false},"author":1,"featured_media":0,"parent":0,"menu_order":0,"comment_status":"closed","ping_status":"closed","template":"templates\/page-builder-content.php","meta":{"footnotes":""},"class_list":["post-47","page","type-page","status-publish","hentry"],"yoast_head":"<!-- This site is optimized with the Yoast SEO plugin v26.2 - https:\/\/yoast.com\/wordpress\/plugins\/seo\/ -->\n<title>Contact - Ch\u00e2teau de Terrides<\/title>\n<meta name=\"robots\" content=\"index, follow, max-snippet:-1, max-image-preview:large, max-video-preview:-1\" \/>\n<link rel=\"canonical\" href=\"https:\/\/chateaudeterrides.fr\/en\/contact\/\" \/>\n<meta property=\"og:locale\" content=\"en_US\" \/>\n<meta property=\"og:type\" content=\"article\" \/>\n<meta property=\"og:title\" content=\"Contact - Ch\u00e2teau de Terrides\" \/>\n<meta property=\"og:description\" content=\"Contactez-nous ! N&rsquo;h\u00e9sitez pas \u00e0 nous contacter pour toute question ou demande concernant votre s\u00e9jour au Ch\u00e2teau de Terrides. Notre \u00e9quipe se fera un plaisir de vous renseigner et de vous accompagner dans l&rsquo;organisation de votre \u00e9v\u00e9nement ou de vos vacances. Votre message Votre nom* Votre email* Votre t\u00e9l\u00e9phone* Type d&rsquo;\u00e9v\u00e9nement* MariageS\u00e9minaire professionnelAutre \u00e9v\u00e9nement Votre [&hellip;]\" \/>\n<meta property=\"og:url\" content=\"https:\/\/chateaudeterrides.fr\/en\/contact\/\" \/>\n<meta property=\"og:site_name\" content=\"Ch\u00e2teau de Terrides\" \/>\n<meta property=\"article:publisher\" content=\"https:\/\/www.facebook.com\/mehdiTerrides\/\" \/>\n<meta property=\"article:modified_time\" content=\"2025-09-26T13:40:17+00:00\" \/>\n<meta name=\"twitter:card\" content=\"summary_large_image\" \/>\n<meta name=\"twitter:label1\" content=\"Est. reading time\" \/>\n\t<meta name=\"twitter:data1\" content=\"1 minute\" \/>\n<script type=\"application\/ld+json\" class=\"yoast-schema-graph\">{\"@context\":\"https:\/\/schema.org\",\"@graph\":[{\"@type\":\"WebPage\",\"@id\":\"https:\/\/chateaudeterrides.fr\/contact\/\",\"url\":\"https:\/\/chateaudeterrides.fr\/contact\/\",\"name\":\"Contact - Ch\u00e2teau de Terrides\",\"isPartOf\":{\"@id\":\"https:\/\/chateaudeterrides.fr\/#website\"},\"datePublished\":\"2020-11-04T11:57:23+00:00\",\"dateModified\":\"2025-09-26T13:40:17+00:00\",\"breadcrumb\":{\"@id\":\"https:\/\/chateaudeterrides.fr\/contact\/#breadcrumb\"},\"inLanguage\":\"en-US\",\"potentialAction\":[{\"@type\":\"ReadAction\",\"target\":[\"https:\/\/chateaudeterrides.fr\/contact\/\"]}]},{\"@type\":\"BreadcrumbList\",\"@id\":\"https:\/\/chateaudeterrides.fr\/contact\/#breadcrumb\",\"itemListElement\":[{\"@type\":\"ListItem\",\"position\":1,\"name\":\"Home\",\"item\":\"https:\/\/chateaudeterrides.fr\/\"},{\"@type\":\"ListItem\",\"position\":2,\"name\":\"Contact\"}]},{\"@type\":\"WebSite\",\"@id\":\"https:\/\/chateaudeterrides.fr\/#website\",\"url\":\"https:\/\/chateaudeterrides.fr\/\",\"name\":\"Ch\u00e2teau de Terrides\",\"description\":\"Un h\u00f4tel de luxe et lieu de r\u00e9ception pour groupes situ\u00e9 dans un \u00e9crin de verdure pr\u00e8s de Montauban\",\"publisher\":{\"@id\":\"https:\/\/chateaudeterrides.fr\/#organization\"},\"potentialAction\":[{\"@type\":\"SearchAction\",\"target\":{\"@type\":\"EntryPoint\",\"urlTemplate\":\"https:\/\/chateaudeterrides.fr\/?s={search_term_string}\"},\"query-input\":{\"@type\":\"PropertyValueSpecification\",\"valueRequired\":true,\"valueName\":\"search_term_string\"}}],\"inLanguage\":\"en-US\"},{\"@type\":\"Organization\",\"@id\":\"https:\/\/chateaudeterrides.fr\/#organization\",\"name\":\"Ch\u00e2teau de Terrides\",\"url\":\"https:\/\/chateaudeterrides.fr\/\",\"logo\":{\"@type\":\"ImageObject\",\"inLanguage\":\"en-US\",\"@id\":\"https:\/\/chateaudeterrides.fr\/#\/schema\/logo\/image\/\",\"url\":\"https:\/\/chateaudeterrides.fr\/wp-content\/uploads\/2023\/03\/logo_58.png\",\"contentUrl\":\"https:\/\/chateaudeterrides.fr\/wp-content\/uploads\/2023\/03\/logo_58.png\",\"width\":187,\"height\":58,\"caption\":\"Ch\u00e2teau de Terrides\"},\"image\":{\"@id\":\"https:\/\/chateaudeterrides.fr\/#\/schema\/logo\/image\/\"},\"sameAs\":[\"https:\/\/www.facebook.com\/mehdiTerrides\/\",\"https:\/\/www.instagram.com\/chateaudeterrides\/\"]}]}<\/script>\n<!-- \/ Yoast SEO plugin. -->","yoast_head_json":{"title":"Contact - Ch\u00e2teau de Terrides","robots":{"index":"index","follow":"follow","max-snippet":"max-snippet:-1","max-image-preview":"max-image-preview:large","max-video-preview":"max-video-preview:-1"},"canonical":"https:\/\/chateaudeterrides.fr\/en\/contact\/","og_locale":"en_US","og_type":"article","og_title":"Contact - Ch\u00e2teau de Terrides","og_description":"Contactez-nous ! N&rsquo;h\u00e9sitez pas \u00e0 nous contacter pour toute question ou demande concernant votre s\u00e9jour au Ch\u00e2teau de Terrides. Notre \u00e9quipe se fera un plaisir de vous renseigner et de vous accompagner dans l&rsquo;organisation de votre \u00e9v\u00e9nement ou de vos vacances. Votre message Votre nom* Votre email* Votre t\u00e9l\u00e9phone* Type d&rsquo;\u00e9v\u00e9nement* MariageS\u00e9minaire professionnelAutre \u00e9v\u00e9nement Votre [&hellip;]","og_url":"https:\/\/chateaudeterrides.fr\/en\/contact\/","og_site_name":"Ch\u00e2teau de Terrides","article_publisher":"https:\/\/www.facebook.com\/mehdiTerrides\/","article_modified_time":"2025-09-26T13:40:17+00:00","twitter_card":"summary_large_image","twitter_misc":{"Est. reading time":"1 minute"},"schema":{"@context":"https:\/\/schema.org","@graph":[{"@type":"WebPage","@id":"https:\/\/chateaudeterrides.fr\/contact\/","url":"https:\/\/chateaudeterrides.fr\/contact\/","name":"Contact - Ch\u00e2teau de Terrides","isPartOf":{"@id":"https:\/\/chateaudeterrides.fr\/#website"},"datePublished":"2020-11-04T11:57:23+00:00","dateModified":"2025-09-26T13:40:17+00:00","breadcrumb":{"@id":"https:\/\/chateaudeterrides.fr\/contact\/#breadcrumb"},"inLanguage":"en-US","potentialAction":[{"@type":"ReadAction","target":["https:\/\/chateaudeterrides.fr\/contact\/"]}]},{"@type":"BreadcrumbList","@id":"https:\/\/chateaudeterrides.fr\/contact\/#breadcrumb","itemListElement":[{"@type":"ListItem","position":1,"name":"Home","item":"https:\/\/chateaudeterrides.fr\/"},{"@type":"ListItem","position":2,"name":"Contact"}]},{"@type":"WebSite","@id":"https:\/\/chateaudeterrides.fr\/#website","url":"https:\/\/chateaudeterrides.fr\/","name":"Ch\u00e2teau de Terrides","description":"Un h\u00f4tel de luxe et lieu de r\u00e9ception pour groupes situ\u00e9 dans un \u00e9crin de verdure pr\u00e8s de Montauban","publisher":{"@id":"https:\/\/chateaudeterrides.fr\/#organization"},"potentialAction":[{"@type":"SearchAction","target":{"@type":"EntryPoint","urlTemplate":"https:\/\/chateaudeterrides.fr\/?s={search_term_string}"},"query-input":{"@type":"PropertyValueSpecification","valueRequired":true,"valueName":"search_term_string"}}],"inLanguage":"en-US"},{"@type":"Organization","@id":"https:\/\/chateaudeterrides.fr\/#organization","name":"Ch\u00e2teau de Terrides","url":"https:\/\/chateaudeterrides.fr\/","logo":{"@type":"ImageObject","inLanguage":"en-US","@id":"https:\/\/chateaudeterrides.fr\/#\/schema\/logo\/image\/","url":"https:\/\/chateaudeterrides.fr\/wp-content\/uploads\/2023\/03\/logo_58.png","contentUrl":"https:\/\/chateaudeterrides.fr\/wp-content\/uploads\/2023\/03\/logo_58.png","width":187,"height":58,"caption":"Ch\u00e2teau de Terrides"},"image":{"@id":"https:\/\/chateaudeterrides.fr\/#\/schema\/logo\/image\/"},"sameAs":["https:\/\/www.facebook.com\/mehdiTerrides\/","https:\/\/www.instagram.com\/chateaudeterrides\/"]}]}},"_links":{"self":[{"href":"https:\/\/chateaudeterrides.fr\/en\/wp-json\/wp\/v2\/pages\/47","targetHints":{"allow":["GET"]}}],"collection":[{"href":"https:\/\/chateaudeterrides.fr\/en\/wp-json\/wp\/v2\/pages"}],"about":[{"href":"https:\/\/chateaudeterrides.fr\/en\/wp-json\/wp\/v2\/types\/page"}],"author":[{"embeddable":true,"href":"https:\/\/chateaudeterrides.fr\/en\/wp-json\/wp\/v2\/users\/1"}],"replies":[{"embeddable":true,"href":"https:\/\/chateaudeterrides.fr\/en\/wp-json\/wp\/v2\/comments?post=47"}],"version-history":[{"count":18,"href":"https:\/\/chateaudeterrides.fr\/en\/wp-json\/wp\/v2\/pages\/47\/revisions"}],"predecessor-version":[{"id":916,"href":"https:\/\/chateaudeterrides.fr\/en\/wp-json\/wp\/v2\/pages\/47\/revisions\/916"}],"wp:attachment":[{"href":"https:\/\/chateaudeterrides.fr\/en\/wp-json\/wp\/v2\/media?parent=47"}],"curies":[{"name":"wp","href":"https:\/\/api.w.org\/{rel}","templated":true}]}}