{"id":770,"date":"2025-04-15T16:10:31","date_gmt":"2025-04-15T14:10:31","guid":{"rendered":"https:\/\/chateaudeterrides.fr\/?page_id=770"},"modified":"2025-05-28T09:39:53","modified_gmt":"2025-05-28T07:39:53","slug":"actualite","status":"publish","type":"page","link":"https:\/\/chateaudeterrides.fr\/en\/actualite\/","title":{"rendered":"Actualit\u00e9"},"content":{"rendered":"<div data-elementor-type=\"wp-page\" data-elementor-id=\"770\" class=\"elementor elementor-770\">\n\t\t\t\t\t\t<section class=\"elementor-section elementor-top-section elementor-element elementor-element-d3635a8 elementor-section-boxed elementor-section-height-default elementor-section-height-default\" data-id=\"d3635a8\" data-element_type=\"section\">\n\t\t\t\t\t\t<div class=\"elementor-container elementor-column-gap-default\">\n\t\t\t\t\t<div class=\"aux-parallax-section elementor-column elementor-col-100 elementor-top-column elementor-element elementor-element-e4372df\" data-id=\"e4372df\" data-element_type=\"column\">\n\t\t\t<div class=\"elementor-widget-wrap elementor-element-populated\">\n\t\t\t\t\t\t<div class=\"elementor-element elementor-element-6477967 elementor-widget elementor-widget-spacer\" data-id=\"6477967\" data-element_type=\"widget\" data-widget_type=\"spacer.default\">\n\t\t\t\t<div class=\"elementor-widget-container\">\n\t\t\t\t\t\t\t<div class=\"elementor-spacer\">\n\t\t\t<div class=\"elementor-spacer-inner\"><\/div>\n\t\t<\/div>\n\t\t\t\t\t\t<\/div>\n\t\t\t\t<\/div>\n\t\t\t\t<div class=\"elementor-element elementor-element-fba26c2 elementor-invisible elementor-widget elementor-widget-heading\" data-id=\"fba26c2\" data-element_type=\"widget\" data-settings=\"{&quot;_animation&quot;:&quot;fadeInUp&quot;}\" data-widget_type=\"heading.default\">\n\t\t\t\t<div class=\"elementor-widget-container\">\n\t\t\t\t\t<h4 class=\"elementor-heading-title elementor-size-xxl\">L'actualit\u00e9 au Ch\u00e2teau de Terrides<\/h4>\t\t\t\t<\/div>\n\t\t\t\t<\/div>\n\t\t\t\t\t<\/div>\n\t\t<\/div>\n\t\t\t\t\t<\/div>\n\t\t<\/section>\n\t\t\t\t<section class=\"elementor-section elementor-top-section elementor-element elementor-element-ab5f789 elementor-section-boxed elementor-section-height-default elementor-section-height-default\" data-id=\"ab5f789\" data-element_type=\"section\">\n\t\t\t\t\t\t<div class=\"elementor-container elementor-column-gap-default\">\n\t\t\t\t\t<div class=\"aux-parallax-section elementor-column elementor-col-100 elementor-top-column elementor-element elementor-element-bf8bb17\" data-id=\"bf8bb17\" data-element_type=\"column\">\n\t\t\t<div class=\"elementor-widget-wrap elementor-element-populated\">\n\t\t\t\t\t\t<div class=\"elementor-element elementor-element-747f2b5 elementor-widget elementor-widget-spacer\" data-id=\"747f2b5\" data-element_type=\"widget\" data-widget_type=\"spacer.default\">\n\t\t\t\t<div class=\"elementor-widget-container\">\n\t\t\t\t\t\t\t<div class=\"elementor-spacer\">\n\t\t\t<div class=\"elementor-spacer-inner\"><\/div>\n\t\t<\/div>\n\t\t\t\t\t\t<\/div>\n\t\t\t\t<\/div>\n\t\t\t\t\t<\/div>\n\t\t<\/div>\n\t\t\t\t\t<\/div>\n\t\t<\/section>\n\t\t\t\t<section class=\"elementor-section elementor-top-section elementor-element elementor-element-5a8d8de elementor-section-boxed elementor-section-height-default elementor-section-height-default\" data-id=\"5a8d8de\" data-element_type=\"section\">\n\t\t\t\t\t\t<div class=\"elementor-container elementor-column-gap-default\">\n\t\t\t\t\t<div class=\"aux-parallax-section elementor-column elementor-col-50 elementor-top-column elementor-element elementor-element-28079b2\" data-id=\"28079b2\" data-element_type=\"column\">\n\t\t\t<div class=\"elementor-widget-wrap elementor-element-populated\">\n\t\t\t\t\t\t<div class=\"elementor-element elementor-element-4292ab4 elementor-invisible elementor-widget elementor-widget-image\" data-id=\"4292ab4\" data-element_type=\"widget\" data-settings=\"{&quot;_animation&quot;:&quot;fadeInUp&quot;}\" data-widget_type=\"image.default\">\n\t\t\t\t<div class=\"elementor-widget-container\">\n\t\t\t\t\t\t\t\t\t\t\t\t\t\t\t<img decoding=\"async\" src=\"https:\/\/chateaudeterrides.fr\/wp-content\/uploads\/elementor\/thumbs\/Affiche-r4eb4nika1srtsd13zxr48un6tqsix802owayqf3a0.png\" title=\"Affiche\" alt=\"Affiche\" loading=\"lazy\" \/>\t\t\t\t\t\t\t\t\t\t\t\t\t\t\t<\/div>\n\t\t\t\t<\/div>\n\t\t\t\t\t<\/div>\n\t\t<\/div>\n\t\t\t\t<div class=\"aux-parallax-section elementor-column elementor-col-50 elementor-top-column elementor-element elementor-element-e266879\" data-id=\"e266879\" data-element_type=\"column\">\n\t\t\t<div class=\"elementor-widget-wrap elementor-element-populated\">\n\t\t\t\t\t\t<div class=\"elementor-element elementor-element-6c5a7c6 elementor-invisible elementor-widget elementor-widget-image\" data-id=\"6c5a7c6\" data-element_type=\"widget\" data-settings=\"{&quot;_animation&quot;:&quot;fadeInUp&quot;}\" data-widget_type=\"image.default\">\n\t\t\t\t<div class=\"elementor-widget-container\">\n\t\t\t\t\t\t\t\t\t\t\t\t\t\t\t<img decoding=\"async\" src=\"https:\/\/chateaudeterrides.fr\/wp-content\/uploads\/elementor\/thumbs\/Affiche-apero-concert-r6fe6wp5d9y70it80zgqax9nv5irdb4nmiz314puu0.png\" title=\"Affiche ap\u00e9ro concert\" alt=\"Affiche ap\u00e9ro concert\" loading=\"lazy\" \/>\t\t\t\t\t\t\t\t\t\t\t\t\t\t\t<\/div>\n\t\t\t\t<\/div>\n\t\t\t\t\t<\/div>\n\t\t<\/div>\n\t\t\t\t\t<\/div>\n\t\t<\/section>\n\t\t\t\t<section class=\"elementor-section elementor-top-section elementor-element elementor-element-0a508fd elementor-section-boxed elementor-section-height-default elementor-section-height-default\" data-id=\"0a508fd\" data-element_type=\"section\">\n\t\t\t\t\t\t<div class=\"elementor-container elementor-column-gap-default\">\n\t\t\t\t\t<div class=\"aux-parallax-section elementor-column elementor-col-50 elementor-top-column elementor-element elementor-element-c8fa7db\" data-id=\"c8fa7db\" data-element_type=\"column\">\n\t\t\t<div class=\"elementor-widget-wrap elementor-element-populated\">\n\t\t\t\t\t\t<div class=\"elementor-element elementor-element-15fc586 elementor-invisible elementor-widget elementor-widget-heading\" data-id=\"15fc586\" data-element_type=\"widget\" data-settings=\"{&quot;_animation&quot;:&quot;fadeInUp&quot;}\" data-widget_type=\"heading.default\">\n\t\t\t\t<div class=\"elementor-widget-container\">\n\t\t\t\t\t<h2 class=\"elementor-heading-title elementor-size-default\">Afterwork au Ch\u00e2teau de Terrides \ud83c\udf78<\/h2>\t\t\t\t<\/div>\n\t\t\t\t<\/div>\n\t\t\t\t\t<\/div>\n\t\t<\/div>\n\t\t\t\t<div class=\"aux-parallax-section elementor-column elementor-col-50 elementor-top-column elementor-element elementor-element-0f0a167\" data-id=\"0f0a167\" data-element_type=\"column\">\n\t\t\t<div class=\"elementor-widget-wrap elementor-element-populated\">\n\t\t\t\t\t\t<div class=\"elementor-element elementor-element-acf2a25 elementor-invisible elementor-widget elementor-widget-heading\" data-id=\"acf2a25\" data-element_type=\"widget\" data-settings=\"{&quot;_animation&quot;:&quot;fadeInUp&quot;}\" data-widget_type=\"heading.default\">\n\t\t\t\t<div class=\"elementor-widget-container\">\n\t\t\t\t\t<h2 class=\"elementor-heading-title elementor-size-default\">Ap\u00e9ro-Concert au Ch\u00e2teau \ud83c\udfb6<\/h2>\t\t\t\t<\/div>\n\t\t\t\t<\/div>\n\t\t\t\t\t<\/div>\n\t\t<\/div>\n\t\t\t\t\t<\/div>\n\t\t<\/section>\n\t\t\t\t<section class=\"elementor-section elementor-top-section elementor-element elementor-element-2cc23ad elementor-section-boxed elementor-section-height-default elementor-section-height-default\" data-id=\"2cc23ad\" data-element_type=\"section\">\n\t\t\t\t\t\t<div class=\"elementor-container elementor-column-gap-default\">\n\t\t\t\t\t<div class=\"aux-parallax-section elementor-column elementor-col-50 elementor-top-column elementor-element elementor-element-74e620f\" data-id=\"74e620f\" data-element_type=\"column\">\n\t\t\t<div class=\"elementor-widget-wrap elementor-element-populated\">\n\t\t\t\t\t\t<div class=\"elementor-element elementor-element-85f4d32 elementor-align-center elementor-invisible elementor-widget elementor-widget-button\" data-id=\"85f4d32\" data-element_type=\"widget\" data-settings=\"{&quot;_animation&quot;:&quot;fadeInUp&quot;}\" data-widget_type=\"button.default\">\n\t\t\t\t<div class=\"elementor-widget-container\">\n\t\t\t\t\t\t\t\t\t<div class=\"elementor-button-wrapper\">\n\t\t\t\t\t<a class=\"elementor-button elementor-button-link elementor-size-sm\" href=\"https:\/\/chateaudeterrides.fr\/en\/actualite\/afterwork-au-chateau-de-terrides-%F0%9F%8D%B8\/\">\n\t\t\t\t\t\t<span class=\"elementor-button-content-wrapper\">\n\t\t\t\t\t\t\t\t\t<span class=\"elementor-button-text\">En savoir plus<\/span>\n\t\t\t\t\t<\/span>\n\t\t\t\t\t<\/a>\n\t\t\t\t<\/div>\n\t\t\t\t\t\t\t\t<\/div>\n\t\t\t\t<\/div>\n\t\t\t\t\t<\/div>\n\t\t<\/div>\n\t\t\t\t<div class=\"aux-parallax-section elementor-column elementor-col-50 elementor-top-column elementor-element elementor-element-f60dc54\" data-id=\"f60dc54\" data-element_type=\"column\">\n\t\t\t<div class=\"elementor-widget-wrap elementor-element-populated\">\n\t\t\t\t\t\t<div class=\"elementor-element elementor-element-f630f85 elementor-align-center elementor-invisible elementor-widget elementor-widget-button\" data-id=\"f630f85\" data-element_type=\"widget\" data-settings=\"{&quot;_animation&quot;:&quot;fadeInUp&quot;}\" data-widget_type=\"button.default\">\n\t\t\t\t<div class=\"elementor-widget-container\">\n\t\t\t\t\t\t\t\t\t<div class=\"elementor-button-wrapper\">\n\t\t\t\t\t<a class=\"elementor-button elementor-button-link elementor-size-sm\" href=\"https:\/\/chateaudeterrides.fr\/en\/actualite\/apero-concert\/\">\n\t\t\t\t\t\t<span class=\"elementor-button-content-wrapper\">\n\t\t\t\t\t\t\t\t\t<span class=\"elementor-button-text\">En savoir plus<\/span>\n\t\t\t\t\t<\/span>\n\t\t\t\t\t<\/a>\n\t\t\t\t<\/div>\n\t\t\t\t\t\t\t\t<\/div>\n\t\t\t\t<\/div>\n\t\t\t\t\t<\/div>\n\t\t<\/div>\n\t\t\t\t\t<\/div>\n\t\t<\/section>\n\t\t\t\t<\/div>","protected":false},"excerpt":{"rendered":"<p>L&rsquo;actualit\u00e9 au Ch\u00e2teau de Terrides Afterwork au Ch\u00e2teau de Terrides \ud83c\udf78 Ap\u00e9ro-Concert au Ch\u00e2teau \ud83c\udfb6 En savoir plus En savoir plus<\/p>","protected":false},"author":2,"featured_media":0,"parent":0,"menu_order":0,"comment_status":"closed","ping_status":"closed","template":"templates\/page-builder-content.php","meta":{"footnotes":""},"class_list":["post-770","page","type-page","status-publish","hentry"],"yoast_head":"<!-- This site is optimized with the Yoast SEO plugin v26.2 - https:\/\/yoast.com\/wordpress\/plugins\/seo\/ -->\n<title>Actualit\u00e9 - Ch\u00e2teau de Terrides<\/title>\n<meta name=\"robots\" content=\"index, follow, max-snippet:-1, max-image-preview:large, max-video-preview:-1\" \/>\n<link rel=\"canonical\" href=\"https:\/\/chateaudeterrides.fr\/en\/actualite\/\" \/>\n<meta property=\"og:locale\" content=\"en_US\" \/>\n<meta property=\"og:type\" content=\"article\" \/>\n<meta property=\"og:title\" content=\"Actualit\u00e9 - Ch\u00e2teau de Terrides\" \/>\n<meta property=\"og:description\" content=\"L&rsquo;actualit\u00e9 au Ch\u00e2teau de Terrides Afterwork au Ch\u00e2teau de Terrides \ud83c\udf78 Ap\u00e9ro-Concert au Ch\u00e2teau \ud83c\udfb6 En savoir plus En savoir plus\" \/>\n<meta property=\"og:url\" content=\"https:\/\/chateaudeterrides.fr\/en\/actualite\/\" \/>\n<meta property=\"og:site_name\" content=\"Ch\u00e2teau de Terrides\" \/>\n<meta property=\"article:publisher\" content=\"https:\/\/www.facebook.com\/mehdiTerrides\/\" \/>\n<meta property=\"article:modified_time\" content=\"2025-05-28T07:39:53+00:00\" \/>\n<meta property=\"og:image\" content=\"https:\/\/chateaudeterrides.fr\/wp-content\/uploads\/elementor\/thumbs\/Affiche-r4eb4nika1srtsd13zxr48un6tqsix802owayqf3a0.png\" \/>\n<meta name=\"twitter:card\" content=\"summary_large_image\" \/>\n<meta name=\"twitter:label1\" content=\"Est. reading time\" \/>\n\t<meta name=\"twitter:data1\" content=\"1 minute\" \/>\n<script type=\"application\/ld+json\" class=\"yoast-schema-graph\">{\"@context\":\"https:\/\/schema.org\",\"@graph\":[{\"@type\":\"WebPage\",\"@id\":\"https:\/\/chateaudeterrides.fr\/actualite\/\",\"url\":\"https:\/\/chateaudeterrides.fr\/actualite\/\",\"name\":\"Actualit\u00e9 - Ch\u00e2teau de Terrides\",\"isPartOf\":{\"@id\":\"https:\/\/chateaudeterrides.fr\/#website\"},\"primaryImageOfPage\":{\"@id\":\"https:\/\/chateaudeterrides.fr\/actualite\/#primaryimage\"},\"image\":{\"@id\":\"https:\/\/chateaudeterrides.fr\/actualite\/#primaryimage\"},\"thumbnailUrl\":\"https:\/\/chateaudeterrides.fr\/wp-content\/uploads\/elementor\/thumbs\/Affiche-r4eb4nika1srtsd13zxr48un6tqsix802owayqf3a0.png\",\"datePublished\":\"2025-04-15T14:10:31+00:00\",\"dateModified\":\"2025-05-28T07:39:53+00:00\",\"breadcrumb\":{\"@id\":\"https:\/\/chateaudeterrides.fr\/actualite\/#breadcrumb\"},\"inLanguage\":\"en-US\",\"potentialAction\":[{\"@type\":\"ReadAction\",\"target\":[\"https:\/\/chateaudeterrides.fr\/actualite\/\"]}]},{\"@type\":\"ImageObject\",\"inLanguage\":\"en-US\",\"@id\":\"https:\/\/chateaudeterrides.fr\/actualite\/#primaryimage\",\"url\":\"https:\/\/chateaudeterrides.fr\/wp-content\/uploads\/elementor\/thumbs\/Affiche-r4eb4nika1srtsd13zxr48un6tqsix802owayqf3a0.png\",\"contentUrl\":\"https:\/\/chateaudeterrides.fr\/wp-content\/uploads\/elementor\/thumbs\/Affiche-r4eb4nika1srtsd13zxr48un6tqsix802owayqf3a0.png\"},{\"@type\":\"BreadcrumbList\",\"@id\":\"https:\/\/chateaudeterrides.fr\/actualite\/#breadcrumb\",\"itemListElement\":[{\"@type\":\"ListItem\",\"position\":1,\"name\":\"Home\",\"item\":\"https:\/\/chateaudeterrides.fr\/\"},{\"@type\":\"ListItem\",\"position\":2,\"name\":\"Actualit\u00e9\"}]},{\"@type\":\"WebSite\",\"@id\":\"https:\/\/chateaudeterrides.fr\/#website\",\"url\":\"https:\/\/chateaudeterrides.fr\/\",\"name\":\"Ch\u00e2teau de Terrides\",\"description\":\"Un h\u00f4tel de luxe et lieu de r\u00e9ception pour groupes situ\u00e9 dans un \u00e9crin de verdure pr\u00e8s de Montauban\",\"publisher\":{\"@id\":\"https:\/\/chateaudeterrides.fr\/#organization\"},\"potentialAction\":[{\"@type\":\"SearchAction\",\"target\":{\"@type\":\"EntryPoint\",\"urlTemplate\":\"https:\/\/chateaudeterrides.fr\/?s={search_term_string}\"},\"query-input\":{\"@type\":\"PropertyValueSpecification\",\"valueRequired\":true,\"valueName\":\"search_term_string\"}}],\"inLanguage\":\"en-US\"},{\"@type\":\"Organization\",\"@id\":\"https:\/\/chateaudeterrides.fr\/#organization\",\"name\":\"Ch\u00e2teau de Terrides\",\"url\":\"https:\/\/chateaudeterrides.fr\/\",\"logo\":{\"@type\":\"ImageObject\",\"inLanguage\":\"en-US\",\"@id\":\"https:\/\/chateaudeterrides.fr\/#\/schema\/logo\/image\/\",\"url\":\"https:\/\/chateaudeterrides.fr\/wp-content\/uploads\/2023\/03\/logo_58.png\",\"contentUrl\":\"https:\/\/chateaudeterrides.fr\/wp-content\/uploads\/2023\/03\/logo_58.png\",\"width\":187,\"height\":58,\"caption\":\"Ch\u00e2teau de Terrides\"},\"image\":{\"@id\":\"https:\/\/chateaudeterrides.fr\/#\/schema\/logo\/image\/\"},\"sameAs\":[\"https:\/\/www.facebook.com\/mehdiTerrides\/\",\"https:\/\/www.instagram.com\/chateaudeterrides\/\"]}]}<\/script>\n<!-- \/ Yoast SEO plugin. -->","yoast_head_json":{"title":"Actualit\u00e9 - Ch\u00e2teau de Terrides","robots":{"index":"index","follow":"follow","max-snippet":"max-snippet:-1","max-image-preview":"max-image-preview:large","max-video-preview":"max-video-preview:-1"},"canonical":"https:\/\/chateaudeterrides.fr\/en\/actualite\/","og_locale":"en_US","og_type":"article","og_title":"Actualit\u00e9 - Ch\u00e2teau de Terrides","og_description":"L&rsquo;actualit\u00e9 au Ch\u00e2teau de Terrides Afterwork au Ch\u00e2teau de Terrides \ud83c\udf78 Ap\u00e9ro-Concert au Ch\u00e2teau \ud83c\udfb6 En savoir plus En savoir plus","og_url":"https:\/\/chateaudeterrides.fr\/en\/actualite\/","og_site_name":"Ch\u00e2teau de Terrides","article_publisher":"https:\/\/www.facebook.com\/mehdiTerrides\/","article_modified_time":"2025-05-28T07:39:53+00:00","og_image":[{"url":"https:\/\/chateaudeterrides.fr\/wp-content\/uploads\/elementor\/thumbs\/Affiche-r4eb4nika1srtsd13zxr48un6tqsix802owayqf3a0.png","type":"","width":"","height":""}],"twitter_card":"summary_large_image","twitter_misc":{"Est. reading time":"1 minute"},"schema":{"@context":"https:\/\/schema.org","@graph":[{"@type":"WebPage","@id":"https:\/\/chateaudeterrides.fr\/actualite\/","url":"https:\/\/chateaudeterrides.fr\/actualite\/","name":"Actualit\u00e9 - Ch\u00e2teau de Terrides","isPartOf":{"@id":"https:\/\/chateaudeterrides.fr\/#website"},"primaryImageOfPage":{"@id":"https:\/\/chateaudeterrides.fr\/actualite\/#primaryimage"},"image":{"@id":"https:\/\/chateaudeterrides.fr\/actualite\/#primaryimage"},"thumbnailUrl":"https:\/\/chateaudeterrides.fr\/wp-content\/uploads\/elementor\/thumbs\/Affiche-r4eb4nika1srtsd13zxr48un6tqsix802owayqf3a0.png","datePublished":"2025-04-15T14:10:31+00:00","dateModified":"2025-05-28T07:39:53+00:00","breadcrumb":{"@id":"https:\/\/chateaudeterrides.fr\/actualite\/#breadcrumb"},"inLanguage":"en-US","potentialAction":[{"@type":"ReadAction","target":["https:\/\/chateaudeterrides.fr\/actualite\/"]}]},{"@type":"ImageObject","inLanguage":"en-US","@id":"https:\/\/chateaudeterrides.fr\/actualite\/#primaryimage","url":"https:\/\/chateaudeterrides.fr\/wp-content\/uploads\/elementor\/thumbs\/Affiche-r4eb4nika1srtsd13zxr48un6tqsix802owayqf3a0.png","contentUrl":"https:\/\/chateaudeterrides.fr\/wp-content\/uploads\/elementor\/thumbs\/Affiche-r4eb4nika1srtsd13zxr48un6tqsix802owayqf3a0.png"},{"@type":"BreadcrumbList","@id":"https:\/\/chateaudeterrides.fr\/actualite\/#breadcrumb","itemListElement":[{"@type":"ListItem","position":1,"name":"Home","item":"https:\/\/chateaudeterrides.fr\/"},{"@type":"ListItem","position":2,"name":"Actualit\u00e9"}]},{"@type":"WebSite","@id":"https:\/\/chateaudeterrides.fr\/#website","url":"https:\/\/chateaudeterrides.fr\/","name":"Ch\u00e2teau de Terrides","description":"Un h\u00f4tel de luxe et lieu de r\u00e9ception pour groupes situ\u00e9 dans un \u00e9crin de verdure pr\u00e8s de Montauban","publisher":{"@id":"https:\/\/chateaudeterrides.fr\/#organization"},"potentialAction":[{"@type":"SearchAction","target":{"@type":"EntryPoint","urlTemplate":"https:\/\/chateaudeterrides.fr\/?s={search_term_string}"},"query-input":{"@type":"PropertyValueSpecification","valueRequired":true,"valueName":"search_term_string"}}],"inLanguage":"en-US"},{"@type":"Organization","@id":"https:\/\/chateaudeterrides.fr\/#organization","name":"Ch\u00e2teau de Terrides","url":"https:\/\/chateaudeterrides.fr\/","logo":{"@type":"ImageObject","inLanguage":"en-US","@id":"https:\/\/chateaudeterrides.fr\/#\/schema\/logo\/image\/","url":"https:\/\/chateaudeterrides.fr\/wp-content\/uploads\/2023\/03\/logo_58.png","contentUrl":"https:\/\/chateaudeterrides.fr\/wp-content\/uploads\/2023\/03\/logo_58.png","width":187,"height":58,"caption":"Ch\u00e2teau de Terrides"},"image":{"@id":"https:\/\/chateaudeterrides.fr\/#\/schema\/logo\/image\/"},"sameAs":["https:\/\/www.facebook.com\/mehdiTerrides\/","https:\/\/www.instagram.com\/chateaudeterrides\/"]}]}},"_links":{"self":[{"href":"https:\/\/chateaudeterrides.fr\/en\/wp-json\/wp\/v2\/pages\/770","targetHints":{"allow":["GET"]}}],"collection":[{"href":"https:\/\/chateaudeterrides.fr\/en\/wp-json\/wp\/v2\/pages"}],"about":[{"href":"https:\/\/chateaudeterrides.fr\/en\/wp-json\/wp\/v2\/types\/page"}],"author":[{"embeddable":true,"href":"https:\/\/chateaudeterrides.fr\/en\/wp-json\/wp\/v2\/users\/2"}],"replies":[{"embeddable":true,"href":"https:\/\/chateaudeterrides.fr\/en\/wp-json\/wp\/v2\/comments?post=770"}],"version-history":[{"count":26,"href":"https:\/\/chateaudeterrides.fr\/en\/wp-json\/wp\/v2\/pages\/770\/revisions"}],"predecessor-version":[{"id":855,"href":"https:\/\/chateaudeterrides.fr\/en\/wp-json\/wp\/v2\/pages\/770\/revisions\/855"}],"wp:attachment":[{"href":"https:\/\/chateaudeterrides.fr\/en\/wp-json\/wp\/v2\/media?parent=770"}],"curies":[{"name":"wp","href":"https:\/\/api.w.org\/{rel}","templated":true}]}}