{"id":781,"date":"2025-04-15T16:10:48","date_gmt":"2025-04-15T14:10:48","guid":{"rendered":"https:\/\/chateaudeterrides.fr\/?page_id=781"},"modified":"2025-05-28T09:35:44","modified_gmt":"2025-05-28T07:35:44","slug":"afterwork-au-chateau-de-terrides-%f0%9f%8d%b8","status":"publish","type":"page","link":"https:\/\/chateaudeterrides.fr\/en\/actualite\/afterwork-au-chateau-de-terrides-%f0%9f%8d%b8\/","title":{"rendered":"Afterwork au Ch\u00e2teau de Terrides \ud83c\udf78"},"content":{"rendered":"<div data-elementor-type=\"wp-page\" data-elementor-id=\"781\" class=\"elementor elementor-781\">\n\t\t\t\t\t\t<section class=\"elementor-section elementor-top-section elementor-element elementor-element-9d315a0 elementor-section-boxed elementor-section-height-default elementor-section-height-default\" data-id=\"9d315a0\" data-element_type=\"section\">\n\t\t\t\t\t\t<div class=\"elementor-container elementor-column-gap-default\">\n\t\t\t\t\t<div class=\"aux-parallax-section elementor-column elementor-col-100 elementor-top-column elementor-element elementor-element-fb82c78\" data-id=\"fb82c78\" data-element_type=\"column\">\n\t\t\t<div class=\"elementor-widget-wrap elementor-element-populated\">\n\t\t\t\t\t\t<div class=\"elementor-element elementor-element-0c319fb elementor-widget elementor-widget-spacer\" data-id=\"0c319fb\" data-element_type=\"widget\" data-widget_type=\"spacer.default\">\n\t\t\t\t<div class=\"elementor-widget-container\">\n\t\t\t\t\t\t\t<div class=\"elementor-spacer\">\n\t\t\t<div class=\"elementor-spacer-inner\"><\/div>\n\t\t<\/div>\n\t\t\t\t\t\t<\/div>\n\t\t\t\t<\/div>\n\t\t\t\t<div class=\"elementor-element elementor-element-0269a7b elementor-invisible elementor-widget elementor-widget-heading\" data-id=\"0269a7b\" data-element_type=\"widget\" data-settings=\"{&quot;_animation&quot;:&quot;fadeInUp&quot;}\" data-widget_type=\"heading.default\">\n\t\t\t\t<div class=\"elementor-widget-container\">\n\t\t\t\t\t<h1 class=\"elementor-heading-title elementor-size-xxl\">Afterwork au Ch\u00e2teau de Terrides \ud83c\udf78<\/h1>\t\t\t\t<\/div>\n\t\t\t\t<\/div>\n\t\t\t\t<div class=\"elementor-element elementor-element-4422a36 elementor-invisible elementor-widget elementor-widget-text-editor\" data-id=\"4422a36\" data-element_type=\"widget\" data-settings=\"{&quot;_animation&quot;:&quot;fadeInUp&quot;}\" data-widget_type=\"text-editor.default\">\n\t\t\t\t<div class=\"elementor-widget-container\">\n\t\t\t\t\t\t\t\t\t<p><span style=\"font-weight: normal;\">Et si on finissait la journ\u00e9e au grand air dans un cadre historique et convivial ?\u2600\ufe0f<\/span><\/p><p><span style=\"font-size: 16.0016px;\">Le Ch\u00e2teau de Terrides organise un afterwork ouvert au public dans une ambiance chaleureuse pour profiter des premiers rayons de soleil.<\/span><\/p><p><span style=\"font-weight: normal;\">L\u2019id\u00e9e : se d\u00e9tendre, boire un verre, \u00e9couter de la musique live et se promener dans les jardins du ch\u00e2teau.<\/span><\/p><p><span style=\"font-weight: normal;\">Cet \u00e9v\u00e9nement est gratuit, ouvert \u00e0 tous, et c\u2019est l\u2019occasion parfaite de d\u00e9compresser entre amis ou coll\u00e8gues.<\/span><\/p><p><span style=\"font-weight: normal;\">Nous vous donnons rendez vous le <\/span><u>vendredi 16 mai<\/u><span style=\"font-weight: normal;\">, de 17h30 \u00e0 22h \u2013 on a h\u00e2te de vous y retrouver !<\/span><\/p><p><span style=\"font-weight: normal;\">Informations et r\u00e9servations au <\/span><b>05 63 95 05 20<\/b><span style=\"font-weight: normal;\"> ou \u00e0 <\/span><b>ma@chateaudeterrides.fr<\/b><\/p>\t\t\t\t\t\t\t\t<\/div>\n\t\t\t\t<\/div>\n\t\t\t\t\t<\/div>\n\t\t<\/div>\n\t\t\t\t\t<\/div>\n\t\t<\/section>\n\t\t\t\t<section class=\"elementor-section elementor-top-section elementor-element elementor-element-8b94aec elementor-section-boxed elementor-section-height-default elementor-section-height-default\" data-id=\"8b94aec\" data-element_type=\"section\">\n\t\t\t\t\t\t<div class=\"elementor-container elementor-column-gap-default\">\n\t\t\t\t\t<div class=\"aux-parallax-section elementor-column elementor-col-100 elementor-top-column elementor-element elementor-element-e1e53e5\" data-id=\"e1e53e5\" data-element_type=\"column\">\n\t\t\t<div class=\"elementor-widget-wrap elementor-element-populated\">\n\t\t\t\t\t\t<div class=\"elementor-element elementor-element-273f26f elementor-invisible elementor-widget elementor-widget-image\" data-id=\"273f26f\" data-element_type=\"widget\" data-settings=\"{&quot;_animation&quot;:&quot;fadeInUp&quot;}\" data-widget_type=\"image.default\">\n\t\t\t\t<div class=\"elementor-widget-container\">\n\t\t\t\t\t\t\t\t\t\t\t\t\t\t\t<img decoding=\"async\" src=\"https:\/\/chateaudeterrides.fr\/wp-content\/uploads\/elementor\/thumbs\/Affiche-r4eb4nimpre7ie0s9wcjviddncm94bmmfrkhahwids.png\" title=\"Affiche\" alt=\"Affiche\" loading=\"lazy\" \/>\t\t\t\t\t\t\t\t\t\t\t\t\t\t\t<\/div>\n\t\t\t\t<\/div>\n\t\t\t\t\t<\/div>\n\t\t<\/div>\n\t\t\t\t\t<\/div>\n\t\t<\/section>\n\t\t\t\t<\/div>","protected":false},"excerpt":{"rendered":"<p>Afterwork au Ch\u00e2teau de Terrides \ud83c\udf78 Et si on finissait la journ\u00e9e au grand air dans un cadre historique et convivial ?\u2600\ufe0f Le Ch\u00e2teau de Terrides organise un afterwork ouvert au public dans une ambiance chaleureuse pour profiter des premiers rayons de soleil. L\u2019id\u00e9e : se d\u00e9tendre, boire un verre, \u00e9couter de la musique live [&hellip;]<\/p>","protected":false},"author":2,"featured_media":0,"parent":770,"menu_order":0,"comment_status":"closed","ping_status":"closed","template":"","meta":{"footnotes":""},"class_list":["post-781","page","type-page","status-publish","hentry"],"yoast_head":"<!-- This site is optimized with the Yoast SEO plugin v26.2 - https:\/\/yoast.com\/wordpress\/plugins\/seo\/ -->\n<title>Afterwork au Ch\u00e2teau de Terrides \ud83c\udf78 - Ch\u00e2teau de Terrides<\/title>\n<meta name=\"robots\" content=\"index, follow, max-snippet:-1, max-image-preview:large, max-video-preview:-1\" \/>\n<link rel=\"canonical\" href=\"https:\/\/chateaudeterrides.fr\/en\/actualite\/afterwork-au-chateau-de-terrides-\ud83c\udf78\/\" \/>\n<meta property=\"og:locale\" content=\"en_US\" \/>\n<meta property=\"og:type\" content=\"article\" \/>\n<meta property=\"og:title\" content=\"Afterwork au Ch\u00e2teau de Terrides \ud83c\udf78 - Ch\u00e2teau de Terrides\" \/>\n<meta property=\"og:description\" content=\"Afterwork au Ch\u00e2teau de Terrides \ud83c\udf78 Et si on finissait la journ\u00e9e au grand air dans un cadre historique et convivial ?\u2600\ufe0f Le Ch\u00e2teau de Terrides organise un afterwork ouvert au public dans une ambiance chaleureuse pour profiter des premiers rayons de soleil. L\u2019id\u00e9e : se d\u00e9tendre, boire un verre, \u00e9couter de la musique live [&hellip;]\" \/>\n<meta property=\"og:url\" content=\"https:\/\/chateaudeterrides.fr\/en\/actualite\/afterwork-au-chateau-de-terrides-\ud83c\udf78\/\" \/>\n<meta property=\"og:site_name\" content=\"Ch\u00e2teau de Terrides\" \/>\n<meta property=\"article:publisher\" content=\"https:\/\/www.facebook.com\/mehdiTerrides\/\" \/>\n<meta property=\"article:modified_time\" content=\"2025-05-28T07:35:44+00:00\" \/>\n<meta property=\"og:image\" content=\"https:\/\/chateaudeterrides.fr\/wp-content\/uploads\/elementor\/thumbs\/Affiche-r4eb4nimpre7ie0s9wcjviddncm94bmmfrkhahwids.png\" \/>\n<meta name=\"twitter:card\" content=\"summary_large_image\" \/>\n<meta name=\"twitter:label1\" content=\"Est. reading time\" \/>\n\t<meta name=\"twitter:data1\" content=\"1 minute\" \/>\n<script type=\"application\/ld+json\" class=\"yoast-schema-graph\">{\"@context\":\"https:\/\/schema.org\",\"@graph\":[{\"@type\":\"WebPage\",\"@id\":\"https:\/\/chateaudeterrides.fr\/actualite\/afterwork-au-chateau-de-terrides-%f0%9f%8d%b8\/\",\"url\":\"https:\/\/chateaudeterrides.fr\/actualite\/afterwork-au-chateau-de-terrides-%f0%9f%8d%b8\/\",\"name\":\"Afterwork au Ch\u00e2teau de Terrides \ud83c\udf78 - Ch\u00e2teau de Terrides\",\"isPartOf\":{\"@id\":\"https:\/\/chateaudeterrides.fr\/#website\"},\"primaryImageOfPage\":{\"@id\":\"https:\/\/chateaudeterrides.fr\/actualite\/afterwork-au-chateau-de-terrides-%f0%9f%8d%b8\/#primaryimage\"},\"image\":{\"@id\":\"https:\/\/chateaudeterrides.fr\/actualite\/afterwork-au-chateau-de-terrides-%f0%9f%8d%b8\/#primaryimage\"},\"thumbnailUrl\":\"https:\/\/chateaudeterrides.fr\/wp-content\/uploads\/elementor\/thumbs\/Affiche-r4eb4nimpre7ie0s9wcjviddncm94bmmfrkhahwids.png\",\"datePublished\":\"2025-04-15T14:10:48+00:00\",\"dateModified\":\"2025-05-28T07:35:44+00:00\",\"breadcrumb\":{\"@id\":\"https:\/\/chateaudeterrides.fr\/actualite\/afterwork-au-chateau-de-terrides-%f0%9f%8d%b8\/#breadcrumb\"},\"inLanguage\":\"en-US\",\"potentialAction\":[{\"@type\":\"ReadAction\",\"target\":[\"https:\/\/chateaudeterrides.fr\/actualite\/afterwork-au-chateau-de-terrides-%f0%9f%8d%b8\/\"]}]},{\"@type\":\"ImageObject\",\"inLanguage\":\"en-US\",\"@id\":\"https:\/\/chateaudeterrides.fr\/actualite\/afterwork-au-chateau-de-terrides-%f0%9f%8d%b8\/#primaryimage\",\"url\":\"https:\/\/chateaudeterrides.fr\/wp-content\/uploads\/elementor\/thumbs\/Affiche-r4eb4nimpre7ie0s9wcjviddncm94bmmfrkhahwids.png\",\"contentUrl\":\"https:\/\/chateaudeterrides.fr\/wp-content\/uploads\/elementor\/thumbs\/Affiche-r4eb4nimpre7ie0s9wcjviddncm94bmmfrkhahwids.png\"},{\"@type\":\"BreadcrumbList\",\"@id\":\"https:\/\/chateaudeterrides.fr\/actualite\/afterwork-au-chateau-de-terrides-%f0%9f%8d%b8\/#breadcrumb\",\"itemListElement\":[{\"@type\":\"ListItem\",\"position\":1,\"name\":\"Home\",\"item\":\"https:\/\/chateaudeterrides.fr\/\"},{\"@type\":\"ListItem\",\"position\":2,\"name\":\"Actualit\u00e9\",\"item\":\"https:\/\/chateaudeterrides.fr\/actualite\/\"},{\"@type\":\"ListItem\",\"position\":3,\"name\":\"Afterwork au Ch\u00e2teau de Terrides \ud83c\udf78\"}]},{\"@type\":\"WebSite\",\"@id\":\"https:\/\/chateaudeterrides.fr\/#website\",\"url\":\"https:\/\/chateaudeterrides.fr\/\",\"name\":\"Ch\u00e2teau de Terrides\",\"description\":\"Un h\u00f4tel de luxe et lieu de r\u00e9ception pour groupes situ\u00e9 dans un \u00e9crin de verdure pr\u00e8s de Montauban\",\"publisher\":{\"@id\":\"https:\/\/chateaudeterrides.fr\/#organization\"},\"potentialAction\":[{\"@type\":\"SearchAction\",\"target\":{\"@type\":\"EntryPoint\",\"urlTemplate\":\"https:\/\/chateaudeterrides.fr\/?s={search_term_string}\"},\"query-input\":{\"@type\":\"PropertyValueSpecification\",\"valueRequired\":true,\"valueName\":\"search_term_string\"}}],\"inLanguage\":\"en-US\"},{\"@type\":\"Organization\",\"@id\":\"https:\/\/chateaudeterrides.fr\/#organization\",\"name\":\"Ch\u00e2teau de Terrides\",\"url\":\"https:\/\/chateaudeterrides.fr\/\",\"logo\":{\"@type\":\"ImageObject\",\"inLanguage\":\"en-US\",\"@id\":\"https:\/\/chateaudeterrides.fr\/#\/schema\/logo\/image\/\",\"url\":\"https:\/\/chateaudeterrides.fr\/wp-content\/uploads\/2023\/03\/logo_58.png\",\"contentUrl\":\"https:\/\/chateaudeterrides.fr\/wp-content\/uploads\/2023\/03\/logo_58.png\",\"width\":187,\"height\":58,\"caption\":\"Ch\u00e2teau de Terrides\"},\"image\":{\"@id\":\"https:\/\/chateaudeterrides.fr\/#\/schema\/logo\/image\/\"},\"sameAs\":[\"https:\/\/www.facebook.com\/mehdiTerrides\/\",\"https:\/\/www.instagram.com\/chateaudeterrides\/\"]}]}<\/script>\n<!-- \/ Yoast SEO plugin. -->","yoast_head_json":{"title":"Afterwork au Ch\u00e2teau de Terrides \ud83c\udf78 - Ch\u00e2teau de Terrides","robots":{"index":"index","follow":"follow","max-snippet":"max-snippet:-1","max-image-preview":"max-image-preview:large","max-video-preview":"max-video-preview:-1"},"canonical":"https:\/\/chateaudeterrides.fr\/en\/actualite\/afterwork-au-chateau-de-terrides-\ud83c\udf78\/","og_locale":"en_US","og_type":"article","og_title":"Afterwork au Ch\u00e2teau de Terrides \ud83c\udf78 - Ch\u00e2teau de Terrides","og_description":"Afterwork au Ch\u00e2teau de Terrides \ud83c\udf78 Et si on finissait la journ\u00e9e au grand air dans un cadre historique et convivial ?\u2600\ufe0f Le Ch\u00e2teau de Terrides organise un afterwork ouvert au public dans une ambiance chaleureuse pour profiter des premiers rayons de soleil. L\u2019id\u00e9e : se d\u00e9tendre, boire un verre, \u00e9couter de la musique live [&hellip;]","og_url":"https:\/\/chateaudeterrides.fr\/en\/actualite\/afterwork-au-chateau-de-terrides-\ud83c\udf78\/","og_site_name":"Ch\u00e2teau de Terrides","article_publisher":"https:\/\/www.facebook.com\/mehdiTerrides\/","article_modified_time":"2025-05-28T07:35:44+00:00","og_image":[{"url":"https:\/\/chateaudeterrides.fr\/wp-content\/uploads\/elementor\/thumbs\/Affiche-r4eb4nimpre7ie0s9wcjviddncm94bmmfrkhahwids.png","type":"","width":"","height":""}],"twitter_card":"summary_large_image","twitter_misc":{"Est. reading time":"1 minute"},"schema":{"@context":"https:\/\/schema.org","@graph":[{"@type":"WebPage","@id":"https:\/\/chateaudeterrides.fr\/actualite\/afterwork-au-chateau-de-terrides-%f0%9f%8d%b8\/","url":"https:\/\/chateaudeterrides.fr\/actualite\/afterwork-au-chateau-de-terrides-%f0%9f%8d%b8\/","name":"Afterwork au Ch\u00e2teau de Terrides \ud83c\udf78 - Ch\u00e2teau de Terrides","isPartOf":{"@id":"https:\/\/chateaudeterrides.fr\/#website"},"primaryImageOfPage":{"@id":"https:\/\/chateaudeterrides.fr\/actualite\/afterwork-au-chateau-de-terrides-%f0%9f%8d%b8\/#primaryimage"},"image":{"@id":"https:\/\/chateaudeterrides.fr\/actualite\/afterwork-au-chateau-de-terrides-%f0%9f%8d%b8\/#primaryimage"},"thumbnailUrl":"https:\/\/chateaudeterrides.fr\/wp-content\/uploads\/elementor\/thumbs\/Affiche-r4eb4nimpre7ie0s9wcjviddncm94bmmfrkhahwids.png","datePublished":"2025-04-15T14:10:48+00:00","dateModified":"2025-05-28T07:35:44+00:00","breadcrumb":{"@id":"https:\/\/chateaudeterrides.fr\/actualite\/afterwork-au-chateau-de-terrides-%f0%9f%8d%b8\/#breadcrumb"},"inLanguage":"en-US","potentialAction":[{"@type":"ReadAction","target":["https:\/\/chateaudeterrides.fr\/actualite\/afterwork-au-chateau-de-terrides-%f0%9f%8d%b8\/"]}]},{"@type":"ImageObject","inLanguage":"en-US","@id":"https:\/\/chateaudeterrides.fr\/actualite\/afterwork-au-chateau-de-terrides-%f0%9f%8d%b8\/#primaryimage","url":"https:\/\/chateaudeterrides.fr\/wp-content\/uploads\/elementor\/thumbs\/Affiche-r4eb4nimpre7ie0s9wcjviddncm94bmmfrkhahwids.png","contentUrl":"https:\/\/chateaudeterrides.fr\/wp-content\/uploads\/elementor\/thumbs\/Affiche-r4eb4nimpre7ie0s9wcjviddncm94bmmfrkhahwids.png"},{"@type":"BreadcrumbList","@id":"https:\/\/chateaudeterrides.fr\/actualite\/afterwork-au-chateau-de-terrides-%f0%9f%8d%b8\/#breadcrumb","itemListElement":[{"@type":"ListItem","position":1,"name":"Home","item":"https:\/\/chateaudeterrides.fr\/"},{"@type":"ListItem","position":2,"name":"Actualit\u00e9","item":"https:\/\/chateaudeterrides.fr\/actualite\/"},{"@type":"ListItem","position":3,"name":"Afterwork au Ch\u00e2teau de Terrides \ud83c\udf78"}]},{"@type":"WebSite","@id":"https:\/\/chateaudeterrides.fr\/#website","url":"https:\/\/chateaudeterrides.fr\/","name":"Ch\u00e2teau de Terrides","description":"Un h\u00f4tel de luxe et lieu de r\u00e9ception pour groupes situ\u00e9 dans un \u00e9crin de verdure pr\u00e8s de Montauban","publisher":{"@id":"https:\/\/chateaudeterrides.fr\/#organization"},"potentialAction":[{"@type":"SearchAction","target":{"@type":"EntryPoint","urlTemplate":"https:\/\/chateaudeterrides.fr\/?s={search_term_string}"},"query-input":{"@type":"PropertyValueSpecification","valueRequired":true,"valueName":"search_term_string"}}],"inLanguage":"en-US"},{"@type":"Organization","@id":"https:\/\/chateaudeterrides.fr\/#organization","name":"Ch\u00e2teau de Terrides","url":"https:\/\/chateaudeterrides.fr\/","logo":{"@type":"ImageObject","inLanguage":"en-US","@id":"https:\/\/chateaudeterrides.fr\/#\/schema\/logo\/image\/","url":"https:\/\/chateaudeterrides.fr\/wp-content\/uploads\/2023\/03\/logo_58.png","contentUrl":"https:\/\/chateaudeterrides.fr\/wp-content\/uploads\/2023\/03\/logo_58.png","width":187,"height":58,"caption":"Ch\u00e2teau de Terrides"},"image":{"@id":"https:\/\/chateaudeterrides.fr\/#\/schema\/logo\/image\/"},"sameAs":["https:\/\/www.facebook.com\/mehdiTerrides\/","https:\/\/www.instagram.com\/chateaudeterrides\/"]}]}},"_links":{"self":[{"href":"https:\/\/chateaudeterrides.fr\/en\/wp-json\/wp\/v2\/pages\/781","targetHints":{"allow":["GET"]}}],"collection":[{"href":"https:\/\/chateaudeterrides.fr\/en\/wp-json\/wp\/v2\/pages"}],"about":[{"href":"https:\/\/chateaudeterrides.fr\/en\/wp-json\/wp\/v2\/types\/page"}],"author":[{"embeddable":true,"href":"https:\/\/chateaudeterrides.fr\/en\/wp-json\/wp\/v2\/users\/2"}],"replies":[{"embeddable":true,"href":"https:\/\/chateaudeterrides.fr\/en\/wp-json\/wp\/v2\/comments?post=781"}],"version-history":[{"count":34,"href":"https:\/\/chateaudeterrides.fr\/en\/wp-json\/wp\/v2\/pages\/781\/revisions"}],"predecessor-version":[{"id":852,"href":"https:\/\/chateaudeterrides.fr\/en\/wp-json\/wp\/v2\/pages\/781\/revisions\/852"}],"up":[{"embeddable":true,"href":"https:\/\/chateaudeterrides.fr\/en\/wp-json\/wp\/v2\/pages\/770"}],"wp:attachment":[{"href":"https:\/\/chateaudeterrides.fr\/en\/wp-json\/wp\/v2\/media?parent=781"}],"curies":[{"name":"wp","href":"https:\/\/api.w.org\/{rel}","templated":true}]}}