{"id":831,"date":"2025-05-28T09:13:12","date_gmt":"2025-05-28T07:13:12","guid":{"rendered":"https:\/\/chateaudeterrides.fr\/?page_id=831"},"modified":"2025-05-28T09:30:13","modified_gmt":"2025-05-28T07:30:13","slug":"apero-concert","status":"publish","type":"page","link":"https:\/\/chateaudeterrides.fr\/en\/actualite\/apero-concert\/","title":{"rendered":"Ap\u00e9ro concert"},"content":{"rendered":"<div data-elementor-type=\"wp-page\" data-elementor-id=\"831\" class=\"elementor elementor-831\">\n\t\t\t\t\t\t<section class=\"elementor-section elementor-top-section elementor-element elementor-element-7328e97 elementor-section-boxed elementor-section-height-default elementor-section-height-default\" data-id=\"7328e97\" data-element_type=\"section\">\n\t\t\t\t\t\t<div class=\"elementor-container elementor-column-gap-default\">\n\t\t\t\t\t<div class=\"aux-parallax-section elementor-column elementor-col-100 elementor-top-column elementor-element elementor-element-52c9260\" data-id=\"52c9260\" data-element_type=\"column\">\n\t\t\t<div class=\"elementor-widget-wrap elementor-element-populated\">\n\t\t\t\t\t\t<div class=\"elementor-element elementor-element-104f74b elementor-widget elementor-widget-spacer\" data-id=\"104f74b\" data-element_type=\"widget\" data-widget_type=\"spacer.default\">\n\t\t\t\t<div class=\"elementor-widget-container\">\n\t\t\t\t\t\t\t<div class=\"elementor-spacer\">\n\t\t\t<div class=\"elementor-spacer-inner\"><\/div>\n\t\t<\/div>\n\t\t\t\t\t\t<\/div>\n\t\t\t\t<\/div>\n\t\t\t\t\t<\/div>\n\t\t<\/div>\n\t\t\t\t\t<\/div>\n\t\t<\/section>\n\t\t\t\t<section class=\"elementor-section elementor-top-section elementor-element elementor-element-b39ab85 elementor-section-boxed elementor-section-height-default elementor-section-height-default\" data-id=\"b39ab85\" data-element_type=\"section\">\n\t\t\t\t\t\t<div class=\"elementor-container elementor-column-gap-default\">\n\t\t\t\t\t<div class=\"aux-parallax-section elementor-column elementor-col-100 elementor-top-column elementor-element elementor-element-338f5c2\" data-id=\"338f5c2\" data-element_type=\"column\">\n\t\t\t<div class=\"elementor-widget-wrap elementor-element-populated\">\n\t\t\t\t\t\t<div class=\"elementor-element elementor-element-225a277 elementor-invisible elementor-widget elementor-widget-heading\" data-id=\"225a277\" data-element_type=\"widget\" data-settings=\"{&quot;_animation&quot;:&quot;fadeInUp&quot;}\" data-widget_type=\"heading.default\">\n\t\t\t\t<div class=\"elementor-widget-container\">\n\t\t\t\t\t<h1 class=\"elementor-heading-title elementor-size-default\">Ap\u00e9ro Concert \ud83c\udfb6<\/h1>\t\t\t\t<\/div>\n\t\t\t\t<\/div>\n\t\t\t\t<div class=\"elementor-element elementor-element-0af5278 elementor-invisible elementor-widget elementor-widget-heading\" data-id=\"0af5278\" data-element_type=\"widget\" data-settings=\"{&quot;_animation&quot;:&quot;fadeInUp&quot;}\" data-widget_type=\"heading.default\">\n\t\t\t\t<div class=\"elementor-widget-container\">\n\t\t\t\t\t<p class=\"elementor-heading-title elementor-size-default\">Un moment \u00e0 ne pas manquer !\nLe Ch\u00e2teau de Terrides vous invite \u00e0 une soir\u00e9e pleine de charme et de convivialit\u00e9 \u00e0 l\u2019occasion de son ap\u00e9ro-concert. Dans une ambiance d\u00e9tendue, venez profiter d\u2019un cadre exceptionnel pour savourer un verre, grignoter entre amis et vous laisser porter par la musique live du groupe 400 Strings.  Une exp\u00e9rience musicale originale, festive et accessible \u00e0 tous \u2013 l\u2019id\u00e9al pour d\u00e9compresser en fin de journ\u00e9e ! <br>\n\ud83c\udf9f\ufe0fEntr\u00e9e gratuite et bonne humeur garantie !<br>\nInformations et r\u00e9servations au <b>05 63 95 05 20<\/b> ou \u00e0 <b>ma@chateaudeterrides.fr<\/b><\/p>\t\t\t\t<\/div>\n\t\t\t\t<\/div>\n\t\t\t\t<div class=\"elementor-element elementor-element-d5da6d9 elementor-invisible elementor-widget elementor-widget-image\" data-id=\"d5da6d9\" data-element_type=\"widget\" data-settings=\"{&quot;_animation&quot;:&quot;fadeInUp&quot;}\" data-widget_type=\"image.default\">\n\t\t\t\t<div class=\"elementor-widget-container\">\n\t\t\t\t\t\t\t\t\t\t\t\t\t\t\t<img decoding=\"async\" src=\"https:\/\/chateaudeterrides.fr\/wp-content\/uploads\/elementor\/thumbs\/Affiche-apero-concert-r6fe6wp7szjmp4gz6vvj26seboe7ypj9zln9cw79xs.png\" title=\"Affiche ap\u00e9ro concert\" alt=\"Affiche ap\u00e9ro concert\" loading=\"lazy\" \/>\t\t\t\t\t\t\t\t\t\t\t\t\t\t\t<\/div>\n\t\t\t\t<\/div>\n\t\t\t\t\t<\/div>\n\t\t<\/div>\n\t\t\t\t\t<\/div>\n\t\t<\/section>\n\t\t\t\t<section class=\"elementor-section elementor-top-section elementor-element elementor-element-cc77968 elementor-section-boxed elementor-section-height-default elementor-section-height-default\" data-id=\"cc77968\" data-element_type=\"section\">\n\t\t\t\t\t\t<div class=\"elementor-container elementor-column-gap-default\">\n\t\t\t\t\t<div class=\"aux-parallax-section elementor-column elementor-col-100 elementor-top-column elementor-element elementor-element-99c580e\" data-id=\"99c580e\" data-element_type=\"column\">\n\t\t\t<div class=\"elementor-widget-wrap\">\n\t\t\t\t\t\t\t<\/div>\n\t\t<\/div>\n\t\t\t\t\t<\/div>\n\t\t<\/section>\n\t\t\t\t<\/div>","protected":false},"excerpt":{"rendered":"<p>Ap\u00e9ro Concert \ud83c\udfb6 Un moment \u00e0 ne pas manquer ! Le Ch\u00e2teau de Terrides vous invite \u00e0 une soir\u00e9e pleine de charme et de convivialit\u00e9 \u00e0 l\u2019occasion de son ap\u00e9ro-concert. Dans une ambiance d\u00e9tendue, venez profiter d\u2019un cadre exceptionnel pour savourer un verre, grignoter entre amis et vous laisser porter par la musique live du [&hellip;]<\/p>","protected":false},"author":2,"featured_media":0,"parent":770,"menu_order":0,"comment_status":"closed","ping_status":"closed","template":"","meta":{"footnotes":""},"class_list":["post-831","page","type-page","status-publish","hentry"],"yoast_head":"<!-- This site is optimized with the Yoast SEO plugin v26.2 - https:\/\/yoast.com\/wordpress\/plugins\/seo\/ -->\n<title>Ap\u00e9ro concert - Ch\u00e2teau de Terrides<\/title>\n<meta name=\"robots\" content=\"index, follow, max-snippet:-1, max-image-preview:large, max-video-preview:-1\" \/>\n<link rel=\"canonical\" href=\"https:\/\/chateaudeterrides.fr\/en\/actualite\/apero-concert\/\" \/>\n<meta property=\"og:locale\" content=\"en_US\" \/>\n<meta property=\"og:type\" content=\"article\" \/>\n<meta property=\"og:title\" content=\"Ap\u00e9ro concert - Ch\u00e2teau de Terrides\" \/>\n<meta property=\"og:description\" content=\"Ap\u00e9ro Concert \ud83c\udfb6 Un moment \u00e0 ne pas manquer ! Le Ch\u00e2teau de Terrides vous invite \u00e0 une soir\u00e9e pleine de charme et de convivialit\u00e9 \u00e0 l\u2019occasion de son ap\u00e9ro-concert. Dans une ambiance d\u00e9tendue, venez profiter d\u2019un cadre exceptionnel pour savourer un verre, grignoter entre amis et vous laisser porter par la musique live du [&hellip;]\" \/>\n<meta property=\"og:url\" content=\"https:\/\/chateaudeterrides.fr\/en\/actualite\/apero-concert\/\" \/>\n<meta property=\"og:site_name\" content=\"Ch\u00e2teau de Terrides\" \/>\n<meta property=\"article:publisher\" content=\"https:\/\/www.facebook.com\/mehdiTerrides\/\" \/>\n<meta property=\"article:modified_time\" content=\"2025-05-28T07:30:13+00:00\" \/>\n<meta property=\"og:image\" content=\"https:\/\/chateaudeterrides.fr\/wp-content\/uploads\/elementor\/thumbs\/Affiche-apero-concert-r6fe6wp7szjmp4gz6vvj26seboe7ypj9zln9cw79xs.png\" \/>\n<meta name=\"twitter:card\" content=\"summary_large_image\" \/>\n<meta name=\"twitter:label1\" content=\"Est. reading time\" \/>\n\t<meta name=\"twitter:data1\" content=\"1 minute\" \/>\n<script type=\"application\/ld+json\" class=\"yoast-schema-graph\">{\"@context\":\"https:\/\/schema.org\",\"@graph\":[{\"@type\":\"WebPage\",\"@id\":\"https:\/\/chateaudeterrides.fr\/actualite\/apero-concert\/\",\"url\":\"https:\/\/chateaudeterrides.fr\/actualite\/apero-concert\/\",\"name\":\"Ap\u00e9ro concert - Ch\u00e2teau de Terrides\",\"isPartOf\":{\"@id\":\"https:\/\/chateaudeterrides.fr\/#website\"},\"primaryImageOfPage\":{\"@id\":\"https:\/\/chateaudeterrides.fr\/actualite\/apero-concert\/#primaryimage\"},\"image\":{\"@id\":\"https:\/\/chateaudeterrides.fr\/actualite\/apero-concert\/#primaryimage\"},\"thumbnailUrl\":\"https:\/\/chateaudeterrides.fr\/wp-content\/uploads\/elementor\/thumbs\/Affiche-apero-concert-r6fe6wp7szjmp4gz6vvj26seboe7ypj9zln9cw79xs.png\",\"datePublished\":\"2025-05-28T07:13:12+00:00\",\"dateModified\":\"2025-05-28T07:30:13+00:00\",\"breadcrumb\":{\"@id\":\"https:\/\/chateaudeterrides.fr\/actualite\/apero-concert\/#breadcrumb\"},\"inLanguage\":\"en-US\",\"potentialAction\":[{\"@type\":\"ReadAction\",\"target\":[\"https:\/\/chateaudeterrides.fr\/actualite\/apero-concert\/\"]}]},{\"@type\":\"ImageObject\",\"inLanguage\":\"en-US\",\"@id\":\"https:\/\/chateaudeterrides.fr\/actualite\/apero-concert\/#primaryimage\",\"url\":\"https:\/\/chateaudeterrides.fr\/wp-content\/uploads\/elementor\/thumbs\/Affiche-apero-concert-r6fe6wp7szjmp4gz6vvj26seboe7ypj9zln9cw79xs.png\",\"contentUrl\":\"https:\/\/chateaudeterrides.fr\/wp-content\/uploads\/elementor\/thumbs\/Affiche-apero-concert-r6fe6wp7szjmp4gz6vvj26seboe7ypj9zln9cw79xs.png\"},{\"@type\":\"BreadcrumbList\",\"@id\":\"https:\/\/chateaudeterrides.fr\/actualite\/apero-concert\/#breadcrumb\",\"itemListElement\":[{\"@type\":\"ListItem\",\"position\":1,\"name\":\"Home\",\"item\":\"https:\/\/chateaudeterrides.fr\/\"},{\"@type\":\"ListItem\",\"position\":2,\"name\":\"Actualit\u00e9\",\"item\":\"https:\/\/chateaudeterrides.fr\/actualite\/\"},{\"@type\":\"ListItem\",\"position\":3,\"name\":\"Ap\u00e9ro concert\"}]},{\"@type\":\"WebSite\",\"@id\":\"https:\/\/chateaudeterrides.fr\/#website\",\"url\":\"https:\/\/chateaudeterrides.fr\/\",\"name\":\"Ch\u00e2teau de Terrides\",\"description\":\"Un h\u00f4tel de luxe et lieu de r\u00e9ception pour groupes situ\u00e9 dans un \u00e9crin de verdure pr\u00e8s de Montauban\",\"publisher\":{\"@id\":\"https:\/\/chateaudeterrides.fr\/#organization\"},\"potentialAction\":[{\"@type\":\"SearchAction\",\"target\":{\"@type\":\"EntryPoint\",\"urlTemplate\":\"https:\/\/chateaudeterrides.fr\/?s={search_term_string}\"},\"query-input\":{\"@type\":\"PropertyValueSpecification\",\"valueRequired\":true,\"valueName\":\"search_term_string\"}}],\"inLanguage\":\"en-US\"},{\"@type\":\"Organization\",\"@id\":\"https:\/\/chateaudeterrides.fr\/#organization\",\"name\":\"Ch\u00e2teau de Terrides\",\"url\":\"https:\/\/chateaudeterrides.fr\/\",\"logo\":{\"@type\":\"ImageObject\",\"inLanguage\":\"en-US\",\"@id\":\"https:\/\/chateaudeterrides.fr\/#\/schema\/logo\/image\/\",\"url\":\"https:\/\/chateaudeterrides.fr\/wp-content\/uploads\/2023\/03\/logo_58.png\",\"contentUrl\":\"https:\/\/chateaudeterrides.fr\/wp-content\/uploads\/2023\/03\/logo_58.png\",\"width\":187,\"height\":58,\"caption\":\"Ch\u00e2teau de Terrides\"},\"image\":{\"@id\":\"https:\/\/chateaudeterrides.fr\/#\/schema\/logo\/image\/\"},\"sameAs\":[\"https:\/\/www.facebook.com\/mehdiTerrides\/\",\"https:\/\/www.instagram.com\/chateaudeterrides\/\"]}]}<\/script>\n<!-- \/ Yoast SEO plugin. -->","yoast_head_json":{"title":"Ap\u00e9ro concert - Ch\u00e2teau de Terrides","robots":{"index":"index","follow":"follow","max-snippet":"max-snippet:-1","max-image-preview":"max-image-preview:large","max-video-preview":"max-video-preview:-1"},"canonical":"https:\/\/chateaudeterrides.fr\/en\/actualite\/apero-concert\/","og_locale":"en_US","og_type":"article","og_title":"Ap\u00e9ro concert - Ch\u00e2teau de Terrides","og_description":"Ap\u00e9ro Concert \ud83c\udfb6 Un moment \u00e0 ne pas manquer ! Le Ch\u00e2teau de Terrides vous invite \u00e0 une soir\u00e9e pleine de charme et de convivialit\u00e9 \u00e0 l\u2019occasion de son ap\u00e9ro-concert. Dans une ambiance d\u00e9tendue, venez profiter d\u2019un cadre exceptionnel pour savourer un verre, grignoter entre amis et vous laisser porter par la musique live du [&hellip;]","og_url":"https:\/\/chateaudeterrides.fr\/en\/actualite\/apero-concert\/","og_site_name":"Ch\u00e2teau de Terrides","article_publisher":"https:\/\/www.facebook.com\/mehdiTerrides\/","article_modified_time":"2025-05-28T07:30:13+00:00","og_image":[{"url":"https:\/\/chateaudeterrides.fr\/wp-content\/uploads\/elementor\/thumbs\/Affiche-apero-concert-r6fe6wp7szjmp4gz6vvj26seboe7ypj9zln9cw79xs.png","type":"","width":"","height":""}],"twitter_card":"summary_large_image","twitter_misc":{"Est. reading time":"1 minute"},"schema":{"@context":"https:\/\/schema.org","@graph":[{"@type":"WebPage","@id":"https:\/\/chateaudeterrides.fr\/actualite\/apero-concert\/","url":"https:\/\/chateaudeterrides.fr\/actualite\/apero-concert\/","name":"Ap\u00e9ro concert - Ch\u00e2teau de Terrides","isPartOf":{"@id":"https:\/\/chateaudeterrides.fr\/#website"},"primaryImageOfPage":{"@id":"https:\/\/chateaudeterrides.fr\/actualite\/apero-concert\/#primaryimage"},"image":{"@id":"https:\/\/chateaudeterrides.fr\/actualite\/apero-concert\/#primaryimage"},"thumbnailUrl":"https:\/\/chateaudeterrides.fr\/wp-content\/uploads\/elementor\/thumbs\/Affiche-apero-concert-r6fe6wp7szjmp4gz6vvj26seboe7ypj9zln9cw79xs.png","datePublished":"2025-05-28T07:13:12+00:00","dateModified":"2025-05-28T07:30:13+00:00","breadcrumb":{"@id":"https:\/\/chateaudeterrides.fr\/actualite\/apero-concert\/#breadcrumb"},"inLanguage":"en-US","potentialAction":[{"@type":"ReadAction","target":["https:\/\/chateaudeterrides.fr\/actualite\/apero-concert\/"]}]},{"@type":"ImageObject","inLanguage":"en-US","@id":"https:\/\/chateaudeterrides.fr\/actualite\/apero-concert\/#primaryimage","url":"https:\/\/chateaudeterrides.fr\/wp-content\/uploads\/elementor\/thumbs\/Affiche-apero-concert-r6fe6wp7szjmp4gz6vvj26seboe7ypj9zln9cw79xs.png","contentUrl":"https:\/\/chateaudeterrides.fr\/wp-content\/uploads\/elementor\/thumbs\/Affiche-apero-concert-r6fe6wp7szjmp4gz6vvj26seboe7ypj9zln9cw79xs.png"},{"@type":"BreadcrumbList","@id":"https:\/\/chateaudeterrides.fr\/actualite\/apero-concert\/#breadcrumb","itemListElement":[{"@type":"ListItem","position":1,"name":"Home","item":"https:\/\/chateaudeterrides.fr\/"},{"@type":"ListItem","position":2,"name":"Actualit\u00e9","item":"https:\/\/chateaudeterrides.fr\/actualite\/"},{"@type":"ListItem","position":3,"name":"Ap\u00e9ro concert"}]},{"@type":"WebSite","@id":"https:\/\/chateaudeterrides.fr\/#website","url":"https:\/\/chateaudeterrides.fr\/","name":"Ch\u00e2teau de Terrides","description":"Un h\u00f4tel de luxe et lieu de r\u00e9ception pour groupes situ\u00e9 dans un \u00e9crin de verdure pr\u00e8s de Montauban","publisher":{"@id":"https:\/\/chateaudeterrides.fr\/#organization"},"potentialAction":[{"@type":"SearchAction","target":{"@type":"EntryPoint","urlTemplate":"https:\/\/chateaudeterrides.fr\/?s={search_term_string}"},"query-input":{"@type":"PropertyValueSpecification","valueRequired":true,"valueName":"search_term_string"}}],"inLanguage":"en-US"},{"@type":"Organization","@id":"https:\/\/chateaudeterrides.fr\/#organization","name":"Ch\u00e2teau de Terrides","url":"https:\/\/chateaudeterrides.fr\/","logo":{"@type":"ImageObject","inLanguage":"en-US","@id":"https:\/\/chateaudeterrides.fr\/#\/schema\/logo\/image\/","url":"https:\/\/chateaudeterrides.fr\/wp-content\/uploads\/2023\/03\/logo_58.png","contentUrl":"https:\/\/chateaudeterrides.fr\/wp-content\/uploads\/2023\/03\/logo_58.png","width":187,"height":58,"caption":"Ch\u00e2teau de Terrides"},"image":{"@id":"https:\/\/chateaudeterrides.fr\/#\/schema\/logo\/image\/"},"sameAs":["https:\/\/www.facebook.com\/mehdiTerrides\/","https:\/\/www.instagram.com\/chateaudeterrides\/"]}]}},"_links":{"self":[{"href":"https:\/\/chateaudeterrides.fr\/en\/wp-json\/wp\/v2\/pages\/831","targetHints":{"allow":["GET"]}}],"collection":[{"href":"https:\/\/chateaudeterrides.fr\/en\/wp-json\/wp\/v2\/pages"}],"about":[{"href":"https:\/\/chateaudeterrides.fr\/en\/wp-json\/wp\/v2\/types\/page"}],"author":[{"embeddable":true,"href":"https:\/\/chateaudeterrides.fr\/en\/wp-json\/wp\/v2\/users\/2"}],"replies":[{"embeddable":true,"href":"https:\/\/chateaudeterrides.fr\/en\/wp-json\/wp\/v2\/comments?post=831"}],"version-history":[{"count":8,"href":"https:\/\/chateaudeterrides.fr\/en\/wp-json\/wp\/v2\/pages\/831\/revisions"}],"predecessor-version":[{"id":845,"href":"https:\/\/chateaudeterrides.fr\/en\/wp-json\/wp\/v2\/pages\/831\/revisions\/845"}],"up":[{"embeddable":true,"href":"https:\/\/chateaudeterrides.fr\/en\/wp-json\/wp\/v2\/pages\/770"}],"wp:attachment":[{"href":"https:\/\/chateaudeterrides.fr\/en\/wp-json\/wp\/v2\/media?parent=831"}],"curies":[{"name":"wp","href":"https:\/\/api.w.org\/{rel}","templated":true}]}}